{"id":10250,"date":"2023-09-29T17:00:15","date_gmt":"2023-09-29T15:00:15","guid":{"rendered":"https:\/\/creditsuite.eu\/10247-2\/"},"modified":"2023-10-02T11:18:53","modified_gmt":"2023-10-02T09:18:53","slug":"10247-2","status":"publish","type":"page","link":"https:\/\/creditsuite.eu\/es\/10247-2\/","title":{"rendered":"#10247"},"content":{"rendered":"<section class=\"l-section wpb_row us_custom_ae99f6aa has_text_color height_small width_custom with_shape\" style=\"--site-content-width:800px;\"><div class=\"l-section-shape type_triangle-2 pos_bottom\" style=\"height:15vmin;\"><svg xmlns=\"http:\/\/www.w3.org\/2000\/svg\" viewBox=\"0 0 64 8\" preserveAspectRatio=\"none\" width=\"100%\" height=\"100%\">\r\n\t<path fill=\"currentColor\" d=\"M64 8 L0 8 L0 0 L48 7.9 L64 0 Z\"\/>\r\n<\/svg><\/div><div class=\"l-section-h i-cf\"><div class=\"g-cols vc_row via_grid cols_1 laptops-cols_inherit tablets-cols_inherit mobiles-cols_1 valign_middle type_default stacking_default\"><div class=\"wpb_column vc_column_container\"><div class=\"vc_column-inner\"><div class=\"wpb_text_column us_custom_e1926715 has_text_color\"><div class=\"wpb_wrapper\"><p style=\"text-align: center;\">Conozca a nuestros <span style=\"color: var(--color-content-primary);\">especialistas<\/span><strong><br \/><\/strong><\/p>\n<\/div><\/div><div class=\"w-separator size_custom\" style=\"height:10px\"><\/div><div class=\"wpb_text_column us_custom_4be959c4 has_text_color\"><div class=\"wpb_wrapper\"><p style=\"text-align: center;\">Socio de CreditSuite en IT&#8217;S ALL ENERGY <span class=\"special_amp\">&amp;<\/span> UTILITY<\/p>\n<\/div><\/div><div class=\"w-separator size_small\"><\/div><\/div><\/div><\/div><\/div><\/section><section class=\"l-section wpb_row height_auto\"><div class=\"l-section-h i-cf\"><div class=\"g-cols vc_row via_grid cols_2-3 laptops-cols_2 tablets-cols_1 mobiles-cols_1 valign_top type_default stacking_default\"><div class=\"wpb_column vc_column_container type_sticky\"><div class=\"vc_column-inner\"><div class=\"w-separator size_large\"><\/div><h2 class=\"w-text\"><span class=\"w-text-h\"><span class=\"w-text-value\">TODO ES ENERG\u00cdA Y SERVICIOS P\u00daBLICOS<\/span><\/span><\/h2><div class=\"wpb_text_column us_custom_a5ef9130\"><div class=\"wpb_wrapper\"><p>Representa una oportunidad exclusiva para:<\/p>\n<ul>\n<li>Identifique las mejores Estrategias para aplicar en su empresa y conozca los resultados de Experiencias concretas realizadas.<\/li>\n<li>Evaluar los costes y beneficios, la criticidad y los resultados de los proyectos ejecutados en relaci\u00f3n con las inversiones tecnol\u00f3gicas.<\/li>\n<li>Descubra qu\u00e9 innovaciones, tendencias y tecnolog\u00edas de apoyo a las empresas est\u00e1n cambiando el sector.<\/li>\n<li>Evaluar modelos conocidos para integrar datos de distintos sistemas<\/li>\n<\/ul>\n<\/div><\/div><div class=\"w-separator size_medium\"><\/div><\/div><\/div><div class=\"wpb_column vc_column_container us_custom_8c172a66 has_bg_color stretched\"><div class=\"vc_column-inner\"><div class=\"w-separator size_large\"><\/div><div class=\"wpb_text_column us_custom_a5ef9130\"><div class=\"wpb_wrapper\"><p>\n            <span style=\"font-size: 16px;\">El evento en el que las empresas de servicios p\u00fablicos se re\u00fanen, comparan, actualizan y debaten las oportunidades, retos y obst\u00e1culos actuales del sector.<\/span>\n          <\/p>\n<p>\n            <em>\u00bfQuiere conocer las novedades de <strong>CREDITSUITE<\/strong>, la innovadora plataforma de gesti\u00f3n y recuperaci\u00f3n de cr\u00e9ditos?<\/em>\n          <\/p>\n<p>\n            <em>En el evento, decidimos ofrecer <strong>charlas informativas con nuestros expertos<\/strong> sobre las innovaciones importantes y la evoluci\u00f3n de la suite en la versi\u00f3n 2023.<\/em>\n          <\/p>\n<p>\n            <em><strong>RESERVE<\/strong> SU CITA para descubrir c\u00f3mo <strong>CREDITSUITE<\/strong> puede proporcionar un apoyo integral a las empresas en la gesti\u00f3n del cr\u00e9dito, permiti\u00e9ndoles integrar y gobernar todas las fases operativas (ordinaria-judicial-judicial), desde la facturaci\u00f3n hasta los ciclos de comunicaci\u00f3n para la recuperaci\u00f3n de las deudas pendientes.<\/em>\n          <\/p>\n<\/div><\/div><\/div><\/div><\/div><\/div><\/section><section class=\"l-section wpb_row height_custom\"><div class=\"l-section-h i-cf\"><div class=\"g-cols vc_row via_grid cols_1 laptops-cols_inherit tablets-cols_inherit mobiles-cols_1 valign_top type_default stacking_default\"><div class=\"wpb_column vc_column_container\"><div class=\"vc_column-inner\"><div class=\"g-cols wpb_row us_custom_972df728 via_grid cols_4 laptops-cols_3-2 tablets-cols_inherit mobiles-cols_1 valign_middle type_default stacking_default\" style=\"--columns-gap:3rem;\"><div class=\"wpb_column vc_column_container us_custom_227a9bd8\"><div class=\"vc_column-inner\"><div class=\"wpb_text_column\"><div class=\"wpb_wrapper\"><h3>Elija un asiento en primera fila<\/h3>\n<\/div><\/div><\/div><\/div><\/div><div class=\"w-separator size_medium\"><\/div><div class=\"g-cols wpb_row via_grid cols_2 laptops-cols_2 tablets-cols_2 mobiles-cols_1 valign_top type_default stacking_default\" style=\"--columns-gap:4rem;\"><div class=\"wpb_column vc_column_container\"><div class=\"vc_column-inner\"><div class=\"w-text us_custom_3900c0d2 has_text_color\"><span class=\"w-text-h\"><span class=\"w-text-value\">17 de octubre de 2023<\/span><\/span><\/div><div class=\"w-separator size_custom\" style=\"height:10px\"><\/div><div class=\"wpb_text_column\"><div class=\"wpb_wrapper\"><h3>15 reuniones disponibles<\/h3>\n<\/div><\/div><\/div><\/div><div class=\"wpb_column vc_column_container\"><div class=\"vc_column-inner\"><div class=\"w-separator size_custom with_line width_default thick_1 style_solid color_border align_center\" style=\"height:30px\"><div class=\"w-separator-h\"><\/div><\/div><h6 class=\"w-text us_custom_0259209c has_text_color\"><span class=\"w-text-h\"><span class=\"w-text-value\">Para participar<\/span><\/span><\/h6><div class=\"w-text icon_atleft\"><a href=\"https:\/\/itsall-energyutility.com\/index.php\/costo-partecipazione\/\" class=\"w-text-h\" target=\"_blank\" rel=\"noopener\"><i class=\"material-icons\">check_circle<\/i><span class=\"w-text-value\">Inscr\u00edbase en el evento It&#039;s all ENERGY &amp; UTIITY<\/span><\/a><\/div><div class=\"w-separator size_custom\" style=\"height:10px\"><\/div><div class=\"w-text icon_atleft\"><span class=\"w-text-h\"><i class=\"material-icons\">check_circle<\/i><span class=\"w-text-value\">Concierte una reuni\u00f3n con nuestros expertos<\/span><\/span><\/div><div class=\"w-separator size_custom\" style=\"height:10px\"><\/div><div class=\"w-text icon_atleft\"><span class=\"w-text-h\"><i class=\"material-icons\">check_circle<\/i><span class=\"w-text-value\">Vis\u00edtenos en el stand n\u00ba 8 para ver c\u00f3mo CreditSuite simplifica los procesos estrat\u00e9gicos y garantiza el crecimiento empresarial.<\/span><\/span><\/div><\/div><\/div><\/div><\/div><\/div><\/div><\/div><\/section><section class=\"l-section wpb_row height_small\"><div class=\"l-section-h i-cf\"><div class=\"g-cols vc_row via_grid cols_2 laptops-cols_inherit tablets-cols_1 mobiles-cols_1 valign_middle type_boxes reversed stacking_default\" style=\"--columns-gap:0rem;\"><div class=\"wpb_column vc_column_container us_custom_c70c97eb has_bg_color\"><div class=\"vc_column-inner\"><div class=\"wpb_text_column us_custom_838d6786 with_collapsible_content\" data-content-height=\"220px\"><div class=\"wpb_wrapper\"><h2>Qu\u00e9 temas trataremos:<\/h2>\n<section class=\"av_textblock_section av-kh50vv1n-10-8a0c9cd84d65eb706da690a6ec34720c \">\n<div class=\"avia_textblock\">\n<ul>\n<li>c\u00f3mo gestionar <strong>el riesgo de liquidez<\/strong><\/li>\n<li>c\u00f3mo gestionar las acciones de <strong>cobro de deudas<\/strong>, de conformidad con la normativa y las directivas del sector (Arera Utilities)<\/li>\n<li>c\u00f3mo mejorar las actividades de <strong>cobro de deudas<\/strong>, manteniendo la <strong>proximidad a los clientes <\/strong>al disponer de una visi\u00f3n completa de la exposici\u00f3n, y tomando <strong>medidas r\u00e1pidas <\/strong>y <strong>oportunas <\/strong>sobre los grupos vencidos<\/li>\n<li>c\u00f3mo <strong>gestionar <\/strong>y <strong>gobernar <\/strong>todo el proceso<\/li>\n<li>c\u00f3mo <strong>resolver <\/strong>m\u00e1s r\u00e1pidamente los <strong>litigios <\/strong>y <strong>reducir el tiempo <\/strong>medio de cobro y las acciones de recuperaci\u00f3n extrajudiciales y judiciales<\/li>\n<li>c\u00f3mo aprovechar la tecnolog\u00eda digital para una <strong>gobernanza din\u00e1mica y automatizada<\/strong> de las operaciones y la sostenibilidad empresarial.<\/li>\n<\/ul>\n<\/div>\n<\/section>\n<section class=\"av_textblock_section av-kh50vv1n-5-163be8caf0b1eb03092425acf065333b \">\n<div class=\"avia_textblock\">\n<p>Ilustraremos las actualizaciones de los procesos \u00abinternos\/de confianza\u00bb con especial referencia al m\u00f3dulo <strong>\u00abflujo de trabajo din\u00e1mico<\/strong> \u00ab, mejorado en la \u00faltima versi\u00f3n y adaptado a los \u00faltimos reglamentos y directivas.<\/p>\n<\/p>\n<\/div>\n<\/section>\n<\/div><div class=\"toggle-links align_none\"><button class=\"collapsible-content-more\">Mostrar m\u00e1s<\/button><button class=\"collapsible-content-less\">Mostrar menos<\/button><\/div><\/div><\/div><\/div><div class=\"wpb_column vc_column_container us_custom_c70c97eb has_bg_color\"><div class=\"vc_column-inner\"><div class=\"wpb_text_column us_custom_838d6786 with_collapsible_content\" data-content-height=\"220px\"><div class=\"wpb_wrapper\"><h2>\n            <strong>Verticalizaciones:<\/strong><br \/>\n          <\/h2>\n<p><strong>CREDITSUITE<\/strong> tiene las siguientes verticalizaciones:<\/p>\n<ul>\n<li>Electricidad &#8211; Gas<\/li>\n<li>Agua<\/li>\n<li>Servicios bancarios y financieros<\/li>\n<li>Seguros<\/li>\n<li>Telco<\/li>\n<li>Autopista<\/li>\n<li>Despachos de abogados<\/li>\n<li>Empresa de cobro de deudas<\/li>\n<li>Entidades p\u00fablicas PAL &#8211; PAC.<\/li>\n<\/ul>\n<\/div><div class=\"toggle-links align_none\"><button class=\"collapsible-content-more\">Mostrar m\u00e1s<\/button><button class=\"collapsible-content-less\">Mostrar menos<\/button><\/div><\/div><\/div><\/div><\/div><\/div><\/section><section class=\"l-section wpb_row height_small\"><div class=\"l-section-h i-cf\"><div class=\"g-cols vc_row via_grid cols_2 laptops-cols_inherit tablets-cols_inherit mobiles-cols_1 valign_middle type_default stacking_default\"><div class=\"wpb_column vc_column_container\"><div class=\"vc_column-inner\"><h1 class=\"w-text\"><span class=\"w-text-h\"><span class=\"w-text-value\">Rellene el formulario<\/span><\/span><\/h1><div class=\"wpb_text_column us_custom_41104a16\"><div class=\"wpb_wrapper\"><p>Concierte una reuni\u00f3n con nuestros expertos<\/p>\n<\/div><\/div><\/div><\/div><div class=\"wpb_column vc_column_container us_custom_30d5550c\"><div class=\"vc_column-inner\"><form class=\"w-form  us-field-style_1 layout_ver show_message_after_sending for_cform us_form_1\" action=\"https:\/\/creditsuite.eu\/es\/wp-json\/wp\/v2\/pages\/10250\" method=\"post\" style=\"--fields-gap:1.5rem\"><div class=\"w-form-h\"><div class=\"w-form-row for_text has_label required cols_2\">\r\n\t\t\t<div class=\"w-form-row-label\">\r\n\t\t\t<span>Nombre y apellidos *<\/span>\r\n\t\t<\/div>\r\n\t\t<div class=\"w-form-row-field\">\r\n\t\t\t\t\t\t<input aria-label=\"Nombre y apellidos\" type=\"text\" name=\"us_form_1_text_1\" value placeholder data-required=\"true\" aria-required=\"true\"\/>\r\n\t\t\t<\/div>\r\n\t\t<div class=\"w-form-row-state\">Rellena este campo<\/div>\r\n<\/div>\r\n<div class=\"w-form-row for_email has_label required cols_2\">\r\n\t\t\t<div class=\"w-form-row-label\">\r\n\t\t\t<span>Correo electr\u00f3nico *<\/span>\r\n\t\t<\/div>\r\n\t\t<div class=\"w-form-row-field\">\r\n\t\t\t\t\t\t<input aria-label=\"Correo electr\u00f3nico\" type=\"email\" name=\"us_form_1_email_1\" value placeholder=\"mail@domain.com\" data-required=\"true\" aria-required=\"true\"\/>\r\n\t\t\t<\/div>\r\n\t\t<div class=\"w-form-row-state\">Por favor, introduce una direcci\u00f3n de correo electr\u00f3nico v\u00e1lida.<\/div>\r\n<\/div>\r\n<div class=\"w-form-row for_text has_label required cols_2\">\r\n\t\t\t<div class=\"w-form-row-label\">\r\n\t\t\t<span>N\u00famero de tel\u00e9fono *<\/span>\r\n\t\t<\/div>\r\n\t\t<div class=\"w-form-row-field\">\r\n\t\t\t\t\t\t<input aria-label=\"N\u00famero de tel\u00e9fono\" type=\"text\" name=\"us_form_1_text_2\" value placeholder data-required=\"true\" aria-required=\"true\"\/>\r\n\t\t\t<\/div>\r\n\t\t<div class=\"w-form-row-state\">Rellena este campo<\/div>\r\n<\/div>\r\n<div class=\"w-form-row for_text has_label required cols_2\">\r\n\t\t\t<div class=\"w-form-row-label\">\r\n\t\t\t<span>Nombre de la empresa\/Actividad   *<\/span>\r\n\t\t<\/div>\r\n\t\t<div class=\"w-form-row-field\">\r\n\t\t\t\t\t\t<input aria-label=\"Nombre de la empresa\/Actividad  \" type=\"text\" name=\"us_form_1_text_3\" value placeholder data-required=\"true\" aria-required=\"true\"\/>\r\n\t\t\t<\/div>\r\n\t\t<div class=\"w-form-row-state\">Rellena este campo<\/div>\r\n<\/div>\r\n<div class=\"w-form-row for_select has_label cols_2\">\r\n\t\t\t<div class=\"w-form-row-label\">\r\n\t\t\t<span>Seleccionar sector<\/span>\r\n\t\t<\/div>\r\n\t\t<div class=\"w-form-row-field\">\r\n\t\t\t\t\t\t<select aria-label=\"Seleccionar sector\" name=\"us_form_1_select_1\">\r\n\t\t\t<option value=\"Luce e Gas\">Luce e Gas<\/option><option value=\"Idrico\">Idrico<\/option><option value=\"Autostradale\">Autostradale<\/option><option value=\"Sanit\u00e0\">Sanit\u00e0<\/option><option value=\"Bank-Finance\">Bank-Finance<\/option><option value=\"Studi legali\">Studi legali<\/option><option value=\"Altro\">Altro<\/option>\t\t<\/select>\r\n\t\t\t<\/div>\r\n\t\t<div class=\"w-form-row-state\">Selecciona una opci\u00f3n<\/div>\r\n<\/div>\r\n<div class=\"w-form-row for_select has_label cols_2\">\r\n\t\t\t<div class=\"w-form-row-label\">\r\n\t\t\t<span>Horario preferido<\/span>\r\n\t\t<\/div>\r\n\t\t<div class=\"w-form-row-field\">\r\n\t\t\t\t\t\t<select aria-label=\"Horario preferido\" name=\"us_form_1_select_2\">\r\n\t\t\t<option value=\"Qualsiasi\">Qualsiasi<\/option><option value=\"9:30\">9:30<\/option><option value=\"10\">10<\/option><option value=\"10:30\">10:30<\/option><option value=\"11\">11<\/option><option value=\"11:30\">11:30<\/option><option value=\"12\">12<\/option><option value=\"--\">--<\/option><option value=\"14\">14<\/option><option value=\"14:30\">14:30<\/option><option value=\"15\">15<\/option><option value=\"15:30\">15:30<\/option><option value=\"16\">16<\/option><option value=\"16:30\">16:30<\/option><option value=\"17\">17<\/option>\t\t<\/select>\r\n\t\t\t<\/div>\r\n\t\t<div class=\"w-form-row-state\">Selecciona una opci\u00f3n<\/div>\r\n<\/div>\r\n<div class=\"w-form-row for_textarea has_label\">\r\n\t\t\t<div class=\"w-form-row-label\">\r\n\t\t\t<span>Insight requerido\/mensaje<\/span>\r\n\t\t<\/div>\r\n\t\t<div class=\"w-form-row-field\">\r\n\t\t\t\t\t\t<textarea aria-label=\"Insight requerido\/mensaje\" name=\"us_form_1_textarea_1\" placeholder><\/textarea>\r\n\t\t\t<\/div>\r\n\t\t<div class=\"w-form-row-state\">Rellena este campo<\/div>\r\n<\/div>\r\n<div class=\"w-form-row for_agreement required\">\r\n\t\t<div class=\"w-form-row-field\">\r\n\t\t\t\t<label>\r\n\t\t\t<input type=\"checkbox\" value=\"1\" data-required=\"true\" aria-required=\"true\" name=\"us_form_1_agreement_1\"\/>\r\n\t\t\t<span>He le\u00eddo y acepto la Pol\u00edtica de privacidad *<\/span>\r\n\t\t<\/label>\r\n\t\t\t<\/div>\r\n\t\t<div class=\"w-form-row-state\">Tienes que aprobar los t\u00e9rminos para continuar<\/div>\r\n<\/div>\r\n<input type=\"hidden\" name=\"action\" value=\"us_ajax_cform\" \/>\r\n<input type=\"hidden\" name=\"post_id\" value=\"0\" \/>\r\n<input type=\"hidden\" name=\"form_index\" value=\"1\" \/>\r\n<div class=\"w-form-row for_submit default_align_none laptops_align_none tablets_align_none mobiles_align_justify\"><button class=\"w-btn us-btn-style_1\" type=\"submit\" aria-label=\"Solicitar\"><span class=\"g-preloader type_1\"><\/span><span class=\"w-btn-label\">Solicitar<\/span><\/button><\/div><\/div><div class=\"w-form-message\"><\/div><div class=\"w-form-json hidden\" onclick='return {&quot;ajaxurl&quot;:&quot;https:\\\/\\\/creditsuite.eu\\\/wp-admin\\\/admin-ajax.php&quot;,&quot;messages&quot;:{&quot;err_empty&quot;:&quot;Rellena este campo&quot;,&quot;err_size&quot;:&quot;El tama\\u00f1o del archivo no puede exceder %s MB&quot;,&quot;err_extension&quot;:&quot;El tipo de archivo %s no est\\u00e1 permitido&quot;,&quot;err_recaptcha_keys&quot;:&quot;Las claves de reCAPTCHA son incorrectas&quot;}}'><\/div><\/form><div class=\"wpb_text_column\"><div class=\"wpb_wrapper\"><p>\n            <a class=\"w-text-h\" href=\"https:\/\/www.digitalsuite.eu\/policy\/\" target=\"_blank\" rel=\"noopener\"><br \/>\n              <span class=\"w-text-value\">*Aviso de privacidad<\/span><br \/>\n            <\/a>\n          <\/p>\n<\/div><\/div><\/div><\/div><\/div><\/div><\/section>\n","protected":false},"excerpt":{"rendered":"Conozca a nuestros especialistas Socio de CreditSuite en IT&#8217;S ALL ENERGY &amp; UTILITY TODO ES ENERG\u00cdA Y SERVICIOS P\u00daBLICOSRepresenta una oportunidad exclusiva para: Identifique las mejores Estrategias para aplicar en su empresa y conozca los resultados de Experiencias concretas realizadas. Evaluar los costes y beneficios, la criticidad y los resultados de los proyectos ejecutados en...","protected":false},"author":1,"featured_media":0,"parent":0,"menu_order":0,"comment_status":"closed","ping_status":"closed","template":"","meta":{"two_page_speed":[],"footnotes":""},"class_list":["post-10250","page","type-page","status-publish","hentry"],"_links":{"self":[{"href":"https:\/\/creditsuite.eu\/es\/wp-json\/wp\/v2\/pages\/10250","targetHints":{"allow":["GET"]}}],"collection":[{"href":"https:\/\/creditsuite.eu\/es\/wp-json\/wp\/v2\/pages"}],"about":[{"href":"https:\/\/creditsuite.eu\/es\/wp-json\/wp\/v2\/types\/page"}],"author":[{"embeddable":true,"href":"https:\/\/creditsuite.eu\/es\/wp-json\/wp\/v2\/users\/1"}],"replies":[{"embeddable":true,"href":"https:\/\/creditsuite.eu\/es\/wp-json\/wp\/v2\/comments?post=10250"}],"version-history":[{"count":31,"href":"https:\/\/creditsuite.eu\/es\/wp-json\/wp\/v2\/pages\/10250\/revisions"}],"predecessor-version":[{"id":10335,"href":"https:\/\/creditsuite.eu\/es\/wp-json\/wp\/v2\/pages\/10250\/revisions\/10335"}],"wp:attachment":[{"href":"https:\/\/creditsuite.eu\/es\/wp-json\/wp\/v2\/media?parent=10250"}],"curies":[{"name":"wp","href":"https:\/\/api.w.org\/{rel}","templated":true}]}}