{"id":11173,"date":"2023-07-20T16:35:12","date_gmt":"2023-07-20T14:35:12","guid":{"rendered":"https:\/\/creditsuite.eu\/politica-de-privacidad\/"},"modified":"2025-07-08T12:11:42","modified_gmt":"2025-07-08T10:11:42","slug":"politica-de-privacidad","status":"publish","type":"page","link":"https:\/\/creditsuite.eu\/es\/politica-de-privacidad\/","title":{"rendered":"Pol\u00edtica de privacidad"},"content":{"rendered":"<h2>Pol\u00edtica de privacidad y cookies<\/h2>\n<p><strong>Proteger tu privacidad es uno de nuestros principales objetivos<\/strong><\/p>\n<p><strong>DigitalSuite Italia<\/strong> se esfuerza constantemente por proteger la privacidad en l\u00ednea de sus usuarios. Esta informaci\u00f3n te ayudar\u00e1 a comprender nuestra pol\u00edtica de privacidad para que puedas entender c\u00f3mo se tratan tus datos personales cuando utilizas nuestros servicios y para que puedas, en su caso, dar tu consentimiento expreso e informado al tratamiento de tus datos personales en las secciones del Sitio en las que se te pida que los proporciones. <\/p>\n<p><strong><em>Informaci\u00f3n sobre el tratamiento de los datos personales recogidos del interesado<\/em><\/strong><\/p>\n<p>En cumplimiento de lo dispuesto en el Reg. UE 2016\/679 (Reglamento Europeo de Protecci\u00f3n de Datos), te facilitamos la informaci\u00f3n necesaria relativa al tratamiento de los datos personales de los usuarios que consulten los sitios web: <a href=\"http:\/\/www.creditsuite.eu\">www.digitalsuite.eu, www.creditsuite.eu,<\/a> <a href=\"http:\/\/www.contractsuite.eu\" target=\"_blank\" rel=\"noopener\">www.contractsuite.eu<\/a> <\/p>\n<p>La informaci\u00f3n no se aplica a otros sitios web que puedan consultarse a trav\u00e9s de <em>enlaces <\/em>en los sitios web mencionados, de los que DigitalSuite no se hace responsable en modo alguno, ya que son propiedad de terceros y est\u00e1n disponibles y gestionados por ellos.<\/p>\n<p>Esta informaci\u00f3n, proporcionada de conformidad con el Art. 13 del Reg. UE 2016\/679 (Reglamento Europeo de Protecci\u00f3n de Datos Personales), tambi\u00e9n se basa en las disposiciones de la Directiva 2002\/58\/CE, actualizada por la Directiva 2009\/136\/CE, as\u00ed como en las disposiciones de la Orden de la Autoridad Italiana de Protecci\u00f3n de Datos de 08.05.2014 y la Orden n\u00ba 231 de 10 de junio de 2021 sobre cookies y otras herramientas de seguimiento.   <\/p>\n<ol>\n<li><strong>  CONTROLADOR DE DATOS<\/strong><\/li>\n<\/ol>\n<p>El Responsable del Tratamiento, de conformidad con los art\u00edculos 4 y 24 del Reg. UE 2016\/679, es DigitalSuite Italia Srl (tambi\u00e9n conocido como \u00abDigitalSuite\u00bb), con domicilio social en Mil\u00e1n, via Luigi Razza, 8 20124 P.IVA 09345520960. <\/p>\n<ol start=\"2\">\n<li><strong>  RESPONSABLE DE PROTECCI\u00d3N DE DATOS<\/strong><\/li>\n<\/ol>\n<p>Puedes ponerte en contacto con el Responsable de Protecci\u00f3n de Datos (RPD) en las siguientes direcciones:<\/p>\n<ul>\n<li>Correo tradicional: DigitalSuite &#8211; via Luigi Razza, 8 &#8211; 20124 Mil\u00e1n, indicando \u00abA la atenci\u00f3n del Responsable de Protecci\u00f3n de Datos\u00bb;<\/li>\n<li>Correo electr\u00f3nico: <a href=\"mailto:info@digitalsuite.eu\">info@digitalsuite.eu;<\/a><\/li>\n<\/ul>\n<ol start=\"3\">\n<li><strong>  TIPO DE DATOS TRATADOS, FINALIDAD DEL TRATAMIENTO Y PERIODO DE CONSERVACI\u00d3N DE LOS DATOS<\/strong><\/li>\n<\/ol>\n<p><strong>3.1 <\/strong>Los datos de car\u00e1cter personal suministrados, ser\u00e1n tratados respetando las condiciones de licitud ex  <strong>Art. 6 Reg. UE 2016\/679 <\/strong>para los siguientes fines:<\/p>\n<p><strong>3.1.1 Datos de navegaci\u00f3n<\/strong> <\/p>\n<p>Los sistemas inform\u00e1ticos y los procedimientos de software utilizados para hacer funcionar este Sitio Web adquieren, durante su funcionamiento normal, algunos datos personales cuya transmisi\u00f3n est\u00e1 impl\u00edcita en el uso de los protocolos de comunicaci\u00f3n de Internet. Estos datos no se recogen para asociarlos a interesados identificados, pero por su propia naturaleza podr\u00edan, mediante su tratamiento y asociaci\u00f3n con datos en poder de terceros, permitir identificar a los usuarios. Esta categor\u00eda de datos incluye las direcciones IP o los nombres de dominio de los ordenadores utilizados por los usuarios que se conectan al Sitio, las direcciones de notaci\u00f3n URI (Uniform Resource Identifier) de los recursos solicitados, la hora de la solicitud, el m\u00e9todo utilizado para enviar la solicitud al servidor, el tama\u00f1o del archivo obtenido como respuesta, el c\u00f3digo num\u00e9rico que indica el estado de la respuesta dada por el servidor (correcto, error, etc.) y otros par\u00e1metros relativos al sistema operativo y al entorno inform\u00e1tico del usuario. Estos datos se utilizan con el \u00fanico fin de obtener informaci\u00f3n estad\u00edstica an\u00f3nima sobre el uso del Sitio y comprobar su correcto funcionamiento. Los datos podr\u00edan ser utilizados por las autoridades competentes para determinar responsabilidades en caso de hipot\u00e9ticos delitos inform\u00e1ticos en perjuicio del Sitio;    <\/p>\n<p>Base jur\u00eddica <strong>Art. 6 co 1 lett. f) GDPR<\/strong>.<\/p>\n<p><strong>3.1.2 Datos de gesti\u00f3n de las relaciones precontractuales\/contractuales  <\/strong><\/p>\n<p>Los datos personales facilitados por el interesado (nombre, apellidos, correo electr\u00f3nico, etc.) se utilizan para gestionar las solicitudes de informaci\u00f3n sobre nuestros productos y servicios, as\u00ed como para el cumplimiento de las relaciones contractuales existentes. El tratamiento de estos datos es necesario para tramitar las solicitudes y cumplir las obligaciones contractuales y legales. Como responsables del tratamiento, conservaremos estos datos durante el plazo previsto por la normativa vigente aplicable.  <\/p>\n<p>Base jur\u00eddica  <strong>Art. 6 p\u00e1rr. 1(b) y (c) GDPR.  <\/strong><\/p>\n<p><strong>3.1.3 Marketing directo<\/strong><\/p>\n<p>Env\u00edo, a trav\u00e9s de correo electr\u00f3nico, mensajer\u00eda instant\u00e1nea o tel\u00e9fono, de material publicitario, boletines informativos, comunicaciones promocionales y comerciales relativas a productos, eventos, as\u00ed como la realizaci\u00f3n de estudios de mercado, an\u00e1lisis estad\u00edsticos y encuestas de satisfacci\u00f3n de clientes. El tratamiento se referir\u00e1 a datos personales y de contacto. Este tratamiento se basa en el consentimiento del interesado, que es facultativo y revocable en cualquier momento. El responsable del tratamiento conservar\u00e1 los datos hasta que se revoque el consentimiento para este fin y\/o hayan transcurrido cinco a\u00f1os desde que se dio el consentimiento.   <\/p>\n<p>Base jur\u00eddica <strong>Art. 6 co. 1 lett. a) GDPR<\/strong>.<\/p>\n<p><strong>3.1.4 Marketing indirecto  <\/strong><\/p>\n<p>El tratamiento implica la comunicaci\u00f3n de datos a socios comerciales y terceros para que puedan utilizarlos para enviar comunicaciones de marketing. El tratamiento se referir\u00e1 a datos personales y de contacto. Este tratamiento se basa en el consentimiento del interesado (solicitado por contrato o petici\u00f3n espec\u00edfica), que es opcional y revocable en cualquier momento, de conformidad con el Art. 6 co. 1 lett. a) GDPR. El Responsable del Tratamiento conservar\u00e1 los datos hasta que se revoque el consentimiento para este fin y\/o hayan transcurrido cinco a\u00f1os desde la \u00faltima interacci\u00f3n con el Responsable del Tratamiento.    <\/p>\n<p>Base jur\u00eddica <strong>Art. 6 co. 1 lett. a) GDPR<\/strong>.<\/p>\n<p><strong>3.1.5 Marketing para clientes existentes  <\/strong><\/p>\n<p>Env\u00edo de comunicaciones relativas a productos y servicios ya contratados y\/o productos y servicios similares (incluidos boletines informativos, seminarios web, eventos y actividades de formaci\u00f3n) como parte del marketing a clientes existentes. El tratamiento se referir\u00e1 a datos personales, datos de contacto, datos relativos a la empresa a la que perteneces y a la funci\u00f3n que desempe\u00f1as. El responsable del tratamiento conservar\u00e1 los datos hasta que se revoque el consentimiento.  <\/p>\n<p>Base jur\u00eddica <strong>Art. 6 co 1 lett. f) GDPR<\/strong>.<\/p>\n<p><strong>3.1.6 Recogida y uso de datos corporativos con fines promocionales  <\/strong><\/p>\n<p>Los datos an\u00f3nimos o agregados de la empresa (como nombre de la empresa, sector, logros) pueden utilizarse para la creaci\u00f3n y difusi\u00f3n de historias de casos y otros contenidos promocionales. Este tratamiento se basa en el consentimiento del interesado, que es facultativo y revocable en cualquier momento. <\/p>\n<p>Base jur\u00eddica <strong>Art. 6 co 1 lett. a) GDPR<\/strong>.<\/p>\n<p><strong>3.1.7 Recogida de datos de pruebas, cuestionarios, encuestas<\/strong><\/p>\n<p>Recogida de datos mediante pruebas, cuestionarios y encuestas destinadas a identificar los procesos empresariales y gestionarlos. El tratamiento se referir\u00e1 a datos personales e informaci\u00f3n relativa a procesos y procedimientos empresariales. Este tratamiento se basa en el consentimiento del interesado, que es opcional y revocable en cualquier momento. El Responsable del Tratamiento conservar\u00e1 los datos hasta que se revoque el consentimiento para este fin y\/o hayan transcurrido cinco a\u00f1os desde la \u00faltima interacci\u00f3n con el Responsable del Tratamiento.   <\/p>\n<p>Base jur\u00eddica <strong>Art. 6 co 1 lett. a) GDPR<\/strong>.<\/p>\n<p><strong>3.1.8 Cumplimiento de las obligaciones contractuales, legales y administrativo-contables<\/strong><\/p>\n<p>A efectos de la aplicaci\u00f3n de las disposiciones sobre protecci\u00f3n de datos personales, los tratamientos efectuados con fines administrativo-contables son los relacionados con la realizaci\u00f3n de actividades de car\u00e1cter organizativo, administrativo, financiero y contable, independientemente de la naturaleza de los datos tratados. En particular, persiguen estos fines las actividades de organizaci\u00f3n interna, las funcionales al cumplimiento de obligaciones contractuales y precontractuales, y las actividades de informaci\u00f3n. <\/p>\n<p>Base jur\u00eddica <strong>Art. 6 par. 1 lett. c GDPR<\/strong><\/p>\n<ol start=\"4\">\n<li><strong>  MODO DE TRATAMIENTO  <\/strong><\/li>\n<\/ol>\n<p>Los datos personales se registrar\u00e1n, tratar\u00e1n y utilizar\u00e1n \u00fanicamente para los fines descritos en la presente Pol\u00edtica de Privacidad, salvo que se comunique lo contrario en el momento de su recogida, garantizando las medidas de seguridad adecuadas de conformidad con<strong>el art\u00edculo 32 del GDPR<\/strong>. Los datos personales del interesado podr\u00e1n ser tratados por los empleados de la empresa con funciones asignadas a la consecuci\u00f3n de los fines antes mencionados. <\/p>\n<p>DigitalSuite podr\u00e1 transferir, con fines de marketing directo, los datos recogidos a terceras empresas, Procesadores de Datos de conformidad con el<strong>art. 28 GDPR<\/strong>, que operen en nuestro nombre y adopten normas adecuadas de organizaci\u00f3n y gesti\u00f3n de datos, en pleno cumplimiento de la normativa aplicable al procesamiento de datos.<\/p>\n<p>DigitalSuite puede tratar y almacenar los datos personales recogidos en sus propios centros de datos o en los de proveedores seleccionados y acreditados situados en diferentes pa\u00edses, todos ellos pertenecientes a la Uni\u00f3n Europea.<\/p>\n<p>Si los datos personales del interesado se tratan en un pa\u00eds no perteneciente a la UE, DigitalSuite se asegurar\u00e1 de que dichas transferencias se realicen de conformidad con las condiciones establecidas en <strong>el Cap\u00edtulo V del RGPD (art\u00edculos 44 y siguientes)<\/strong>, garantizando la protecci\u00f3n de los derechos del interesado de conformidad con la legislaci\u00f3n de la UE. En este caso, se notificar\u00e1 oportunamente al interesado. <\/p>\n<ol start=\"5\">\n<li><strong>  DERECHOS DEL INTERESADO  <\/strong><\/li>\n<\/ol>\n<p>Puedes ejercer tus derechos contra el Responsable del Tratamiento en cualquier momento, de conformidad con <strong>los art\u00edculos 15 y siguientes del GDPR<\/strong>, poni\u00e9ndote en contacto con <a href=\"mailto:info@digitalsuite.eu\">info@digitalsuite.eu<\/a> o enviando una carta a DigitalSuite &#8211; via Luigi Razza, 8 &#8211; 20124 Mil\u00e1n. La Empresa responder\u00e1 en un plazo de 30 d\u00edas a partir de la recepci\u00f3n de la solicitud formal enviada por el interesado y: <\/p>\n<ol>\n<li>  acceso<strong>:<\/strong> confirmaci\u00f3n de si se est\u00e1n tratando o no los datos personales del interesado y el derecho a acceder a ellos; no se podr\u00e1 responder a las solicitudes que sean manifiestamente infundadas, excesivas o repetitivas;<\/li>\n<li> <strong> rectificaci\u00f3n:<\/strong> corregir\/obtener la correcci\u00f3n de los datos personales si son incorrectos o est\u00e1n obsoletos y completarlos si est\u00e1n incompletos;<\/li>\n<li> <strong> supresi\u00f3n\/obligaci\u00f3n:<\/strong> obtener, en determinados casos, la supresi\u00f3n de los datos personales facilitados; no se trata de un derecho absoluto, ya que la empresa puede tener motivos leg\u00edtimos o legales para conservarlos;<\/li>\n<li> <strong> limitaci\u00f3n:<\/strong> los datos se archivar\u00e1n, pero no podr\u00e1n ser objeto de tratamiento ni de tratamiento posterior en los casos previstos por la ley;<\/li>\n<li> <strong> portabilidad:<\/strong> mover, copiar o transferir datos de las bases de datos de la Empresa a terceros. Esto s\u00f3lo se aplica a los datos facilitados por el interesado para la ejecuci\u00f3n de un contrato o para los que se haya dado consentimiento expreso y el tratamiento se realice por medios automatizados; <\/li>\n<li><strong>  oposici\u00f3n al marketing directo;  <\/strong><\/li>\n<li><strong>revocaci\u00f3n del consentimiento en cualquier momento, si el tratamiento se basa en el consentimiento<\/strong>.<\/li>\n<\/ol>\n<h2>Uso de cookies<\/h2>\n<p>Los \u00abSitios\u00bb (digitalsuite.eu, creditsuite.eu y contractsuite.eu) utilizan cookies para hacer que sus servicios sean sencillos y eficientes para los usuarios que consultan dichas p\u00e1ginas. Los usuarios que consulten los Sitios ver\u00e1n cantidades m\u00ednimas de informaci\u00f3n insertada en los dispositivos utilizados, ya sean ordenadores o dispositivos m\u00f3viles, en peque\u00f1os archivos de texto llamados \u00abcookies\u00bb almacenados en directorios utilizados por el navegador web del Usuario. Existen varios tipos de cookies, algunas para hacer m\u00e1s eficaz el uso del Sitio, otras para habilitar determinadas funcionalidades.  <\/p>\n<p>Al analizarlas en detalle, nuestras cookies te permiten<\/p>\n<ul>\n<li>almacenar las preferencias introducidas;<\/li>\n<li>evitar volver a introducir la misma informaci\u00f3n varias veces durante la visita, como el nombre de usuario y la contrase\u00f1a;<\/li>\n<li>analizar el uso de los servicios y contenidos proporcionados por digitalsuite.eu con el fin de optimizar la experiencia de navegaci\u00f3n y los servicios ofrecidos.<\/li>\n<\/ul>\n<h3><strong>Tipos de cookies<\/strong><\/h3>\n<h4><strong>Cookies t\u00e9cnicas<\/strong><\/h4>\n<p>Este tipo de cookie permite que ciertas secciones del Sitio funcionen correctamente. Son de dos categor\u00edas: persistentes y de sesi\u00f3n: <\/p>\n<ul>\n<li>persistentes: una vez cerrado el navegador, no se destruyen, sino que permanecen hasta una fecha de caducidad preestablecida<\/li>\n<li>sesi\u00f3n: se destruyen cada vez que se cierra el navegador<\/li>\n<\/ul>\n<p>Estas cookies, enviadas siempre desde nuestro dominio, son necesarias para mostrar el sitio correctamente y en relaci\u00f3n con los servicios t\u00e9cnicos ofrecidos, por lo que siempre se utilizar\u00e1n y enviar\u00e1n, a menos que el usuario cambie la configuraci\u00f3n de su navegador (afectando as\u00ed a la visualizaci\u00f3n de las p\u00e1ginas del sitio).<\/p>\n<h4>Cookies anal\u00edticas<\/h4>\n<p>Las cookies de esta categor\u00eda se utilizan para recopilar informaci\u00f3n sobre el uso del Sitio. Digitalsuite.eu utilizar\u00e1 esta informaci\u00f3n para realizar an\u00e1lisis estad\u00edsticos an\u00f3nimos con el fin de mejorar el uso del Sitio y hacer que el contenido sea m\u00e1s interesante y relevante para los deseos de los usuarios. Este tipo de cookie recoge datos de forma an\u00f3nima sobre la actividad de los usuarios y c\u00f3mo llegaron al Sitio. Las cookies anal\u00edticas son enviadas por el propio Sitio o por dominios de terceros.   <\/p>\n<h4>Cookies de an\u00e1lisis de servicios de terceros<\/h4>\n<p>Estas cookies se utilizan para recopilar informaci\u00f3n sobre el uso del Sitio por parte de los usuarios de forma an\u00f3nima, como: p\u00e1ginas visitadas, tiempo empleado, or\u00edgenes del tr\u00e1fico, origen geogr\u00e1fico, edad, sexo e intereses, con el fin de realizar campa\u00f1as de marketing. Estas cookies se env\u00edan desde dominios de terceros ajenos al Sitio. <\/p>\n<h4>Cookies para integrar productos y funciones de software de terceros<\/h4>\n<p>Este tipo de cookie integra funcionalidades desarrolladas por terceros dentro de las p\u00e1ginas del Sitio, como iconos y preferencias expresadas en redes sociales con el fin de compartir contenidos del Sitio o para el uso de servicios de software de terceros (como software para generar mapas y otro software que ofrece servicios adicionales). Estas cookies se env\u00edan desde dominios de terceros y sitios asociados que ofrecen su funcionalidad entre las p\u00e1ginas del Sitio. <\/p>\n<h4>Cookies de perfil<\/h4>\n<p>Son aquellas cookies necesarias para crear perfiles de usuario con el fin de enviar mensajes publicitarios acordes con las preferencias expresadas por el usuario dentro de las p\u00e1ginas del Sitio.<\/p>\n<p>Digitalsuite.eu, de acuerdo con la normativa vigente, no est\u00e1 obligada a solicitar el consentimiento para las cookies t\u00e9cnicas y anal\u00edticas, ya que son necesarias para prestar los servicios solicitados.<\/p>\n<p>Para todos los dem\u00e1s tipos de cookies, el consentimiento puede ser expresado por el Usuario de una o varias de las siguientes maneras:<\/p>\n<ul>\n<li>Mediante configuraciones espec\u00edficas del navegador utilizado o de los correspondientes programas inform\u00e1ticos utilizados para navegar por las p\u00e1ginas que componen el Sitio.<\/li>\n<li>Cambiando la configuraci\u00f3n al utilizar servicios de terceros<\/li>\n<\/ul>\n<p><strong>Cualquiera de estas soluciones puede impedir que el usuario utilice o vea partes del Sitio.<\/strong><\/p>\n<h2>Sitios web y servicios de terceros<\/h2>\n<p>El Sitio puede contener enlaces a otros sitios Web que tienen sus propias pol\u00edticas de privacidad, que pueden diferir de las adoptadas por digitalsuite.eu y que, por lo tanto, no son responsables de estos sitios.<\/p>\n<h2><strong>C\u00f3mo desactivar las cookies  <\/strong><\/h2>\n<p>La mayor\u00eda de los navegadores (Internet Explorer, Firefox, Chrome, etc.) est\u00e1n configurados para aceptar cookies. Sin embargo, las cookies almacenadas en el disco duro de tu dispositivo pueden eliminarse y tambi\u00e9n puedes desactivar las cookies siguiendo las instrucciones proporcionadas por los principales navegadores en los enlaces que aparecen a continuaci\u00f3n: <\/p>\n<p><strong>Mozilla Firefox <a href=\"https:\/\/support.mozilla.org\/it\/kb\/Gestione%20dei%20cookie\" target=\"_blank\" rel=\"noopener\">https:\/\/support.mozilla.org\/it\/kb\/Gestione%20dei%20cookie<\/a><\/strong><\/p>\n<p><strong>Google Chrome <a href=\"https:\/\/support.google.com\/chrome\/answer\/95647?hl=it\" target=\"_blank\" rel=\"noopener\">https:\/\/support.google.com\/chrome\/answer\/95647?hl=it<\/a><\/strong><\/p>\n<p><strong>Explorador de Internet <\/strong><a href=\"http:\/\/windows.microsoft.com\/it-it\/windows-vista\/block-or-allow-cookies\" target=\"_blank\" rel=\"noopener\"><strong>http:\/\/windows.microsoft.com\/it-it\/windows-vista\/block-or-allow-cookies<\/strong><\/a><\/p>\n<p><strong>Opera <\/strong><a href=\"http:\/\/httPS:\/\/help.opera.com\/en\/latest\/web-preferences\/#cookies\"><strong>httPS:\/\/help.opera.com\/es\/latest\/web-preferences\/#cookies<\/strong><\/a><\/p>\n<p><strong>Safari 6\/7 Mavericks <a href=\"https:\/\/support.apple.com\/kb\/PH17191?viewlocale=it_IT&amp;locale=it_IT\" target=\"_blank\" rel=\"noopener\">https:\/\/support.apple.com\/kb\/PH17191?viewlocale=it_IT&amp;locale=it_IT<\/a><\/strong><\/p>\n<p><strong>Safari 8 Yosemite <a href=\"https:\/\/support.apple.com\/kb\/PH19214?viewlocale=it_IT&amp;locale=it_IT\" target=\"_blank\" rel=\"noopener\">https:\/\/support.apple.com\/kb\/PH19214?viewlocale=it_IT&amp;locale=it_IT<\/a><\/strong><\/p>\n<p><strong>Safari en iPhone, iPad o iPod touch <a href=\"https:\/\/support.apple.com\/it-it\/HT201265\" target=\"_blank\" rel=\"noopener\">https:\/\/support.apple.com\/it-it\/HT201265<\/a><\/strong><\/p>\n&#13;\n<p>\u00a0<\/p>","protected":false},"excerpt":{"rendered":"<p>Pol\u00edtica de privacidad y cookies Proteger tu privacidad es uno de nuestros principales objetivos DigitalSuite Italia se esfuerza constantemente por proteger la privacidad en l\u00ednea de sus usuarios. Esta informaci\u00f3n te ayudar\u00e1 a comprender nuestra pol\u00edtica de privacidad para que puedas entender c\u00f3mo se tratan tus datos personales cuando utilizas nuestros servicios y para que&#8230;<\/p>\n","protected":false},"author":1,"featured_media":0,"parent":0,"menu_order":0,"comment_status":"closed","ping_status":"closed","template":"","meta":{"two_page_speed":[],"footnotes":""},"class_list":["post-11173","page","type-page","status-publish","hentry"],"_links":{"self":[{"href":"https:\/\/creditsuite.eu\/es\/wp-json\/wp\/v2\/pages\/11173","targetHints":{"allow":["GET"]}}],"collection":[{"href":"https:\/\/creditsuite.eu\/es\/wp-json\/wp\/v2\/pages"}],"about":[{"href":"https:\/\/creditsuite.eu\/es\/wp-json\/wp\/v2\/types\/page"}],"author":[{"embeddable":true,"href":"https:\/\/creditsuite.eu\/es\/wp-json\/wp\/v2\/users\/1"}],"replies":[{"embeddable":true,"href":"https:\/\/creditsuite.eu\/es\/wp-json\/wp\/v2\/comments?post=11173"}],"version-history":[{"count":1,"href":"https:\/\/creditsuite.eu\/es\/wp-json\/wp\/v2\/pages\/11173\/revisions"}],"predecessor-version":[{"id":11174,"href":"https:\/\/creditsuite.eu\/es\/wp-json\/wp\/v2\/pages\/11173\/revisions\/11174"}],"wp:attachment":[{"href":"https:\/\/creditsuite.eu\/es\/wp-json\/wp\/v2\/media?parent=11173"}],"curies":[{"name":"wp","href":"https:\/\/api.w.org\/{rel}","templated":true}]}}