{"id":11365,"date":"2025-03-31T15:57:49","date_gmt":"2025-03-31T13:57:49","guid":{"rendered":"https:\/\/creditsuite.eu\/solicitar-folleto\/"},"modified":"2025-10-29T15:49:16","modified_gmt":"2025-10-29T14:49:16","slug":"solicitar-folleto","status":"publish","type":"page","link":"https:\/\/creditsuite.eu\/es\/solicitar-folleto\/","title":{"rendered":"Solicitar folleto"},"content":{"rendered":"<section class=\"l-section wpb_row us_custom_ae99f6aa has_text_color height_small width_custom with_shape\" style=\"--site-content-width:800px;\"><div class=\"l-section-shape type_triangle-2 pos_bottom\" style=\"height:15vmin;\"><svg xmlns=\"http:\/\/www.w3.org\/2000\/svg\" viewBox=\"0 0 64 8\" preserveAspectRatio=\"none\" width=\"100%\" height=\"100%\">\r\n\t<path fill=\"currentColor\" d=\"M64 8 L0 8 L0 0 L48 7.9 L64 0 Z\"\/>\r\n<\/svg><\/div><div class=\"l-section-h i-cf\"><div class=\"g-cols vc_row via_grid cols_1 laptops-cols_inherit tablets-cols_inherit mobiles-cols_1 valign_middle type_default stacking_default\"><div class=\"wpb_column vc_column_container\"><div class=\"vc_column-inner\"><div class=\"wpb_text_column us_custom_e1926715 has_text_color\"><div class=\"wpb_wrapper\"><p style=\"text-align: center;\">Descargar <span style=\"color: var(--color-content-primary);\">folleto<\/span><strong><br \/>\n<\/strong><\/p>\n<\/div><\/div><div class=\"w-separator size_custom\" style=\"height:10px\"><\/div><div class=\"wpb_text_column us_custom_4be959c4 has_text_color\"><div class=\"wpb_wrapper\"><p style=\"text-align: center;\">y descubre c\u00f3mo <strong>integrar<\/strong> y <strong>gobernar<\/strong> todos los procesos de gesti\u00f3n del cr\u00e9dito en una \u00fanica herramienta<\/p>\n<\/div><\/div><div class=\"w-separator size_small\"><\/div><\/div><\/div><\/div><\/div><\/section><section class=\"l-section wpb_row height_small\"><div class=\"l-section-h i-cf\"><div class=\"g-cols vc_row via_grid cols_2 laptops-cols_inherit tablets-cols_inherit mobiles-cols_1 valign_middle type_default stacking_default\"><div class=\"wpb_column vc_column_container\"><div class=\"vc_column-inner\"><h1 class=\"w-text\"><span class=\"w-text-h\"><span class=\"w-text-value\">Rellene el formulario<\/span><\/span><\/h1><div class=\"wpb_text_column us_custom_41104a16\"><div class=\"wpb_wrapper\"><p>para recibir el folleto de CreditSuite<\/p>\n<\/div><\/div><\/div><\/div><div class=\"wpb_column vc_column_container us_custom_c1f1eb71\"><div class=\"vc_column-inner\"><\/div><\/div><\/div><\/div><\/section><section class=\"l-section wpb_row height_small\"><div class=\"l-section-h i-cf\"><div class=\"g-cols vc_row via_grid cols_1 laptops-cols_inherit tablets-cols_inherit mobiles-cols_1 valign_top type_default stacking_default\"><div class=\"wpb_column vc_column_container\"><div class=\"vc_column-inner\"><div class=\"g-cols wpb_row via_grid cols_1 laptops-cols_inherit tablets-cols_inherit mobiles-cols_1 valign_top type_default stacking_default\" style=\"--columns-gap:3rem;\"><div class=\"wpb_column vc_column_container\"><div class=\"vc_column-inner\"><form class=\"w-form  us-field-style_1 layout_ver show_message_after_sending for_cform us_form_1\" action=\"https:\/\/creditsuite.eu\/es\/wp-json\/wp\/v2\/pages\/11365\" method=\"post\" style=\"--fields-gap:1.5rem\"><div class=\"w-form-h\"><div class=\"w-form-row for_text has_label required cols_2\">\r\n\t\t\t<div class=\"w-form-row-label\">\r\n\t\t\t<span>Nombre *<\/span>\r\n\t\t<\/div>\r\n\t\t<div class=\"w-form-row-field\">\r\n\t\t\t\t\t\t<input aria-label=\"Nombre\" type=\"text\" name=\"us_form_1_text_1\" value placeholder data-required=\"true\" aria-required=\"true\"\/>\r\n\t\t\t<\/div>\r\n\t\t<div class=\"w-form-row-state\">Rellena este campo<\/div>\r\n<\/div>\r\n<div class=\"w-form-row for_text has_label required cols_2\">\r\n\t\t\t<div class=\"w-form-row-label\">\r\n\t\t\t<span>Apellido *<\/span>\r\n\t\t<\/div>\r\n\t\t<div class=\"w-form-row-field\">\r\n\t\t\t\t\t\t<input aria-label=\"Apellido\" type=\"text\" name=\"us_form_1_text_2\" value placeholder data-required=\"true\" aria-required=\"true\"\/>\r\n\t\t\t<\/div>\r\n\t\t<div class=\"w-form-row-state\">Rellena este campo<\/div>\r\n<\/div>\r\n<div class=\"w-form-row for_email has_label required cols_2\">\r\n\t\t\t<div class=\"w-form-row-label\">\r\n\t\t\t<span>Correo electr\u00f3nico *<\/span>\r\n\t\t<\/div>\r\n\t\t<div class=\"w-form-row-field\">\r\n\t\t\t\t\t\t<input aria-label=\"Correo electr\u00f3nico\" type=\"email\" name=\"us_form_1_email_1\" value placeholder=\"mail@domain.com\" data-required=\"true\" aria-required=\"true\"\/>\r\n\t\t\t<\/div>\r\n\t\t<div class=\"w-form-row-state\">Por favor, introduce una direcci\u00f3n de correo electr\u00f3nico v\u00e1lida.<\/div>\r\n<\/div>\r\n<div class=\"w-form-row for_text has_label required cols_2\">\r\n\t\t\t<div class=\"w-form-row-label\">\r\n\t\t\t<span>Nombre de la empresa\/Actividad   *<\/span>\r\n\t\t<\/div>\r\n\t\t<div class=\"w-form-row-field\">\r\n\t\t\t\t\t\t<input aria-label=\"Nombre de la empresa\/Actividad  \" type=\"text\" name=\"us_form_1_text_3\" value placeholder data-required=\"true\" aria-required=\"true\"\/>\r\n\t\t\t<\/div>\r\n\t\t<div class=\"w-form-row-state\">Rellena este campo<\/div>\r\n<\/div>\r\n<div class=\"w-form-row for_select has_label cols_2\">\r\n\t\t\t<div class=\"w-form-row-label\">\r\n\t\t\t<span>Seleccionar sector<\/span>\r\n\t\t<\/div>\r\n\t\t<div class=\"w-form-row-field\">\r\n\t\t\t\t\t\t<select aria-label=\"Seleccionar sector\" name=\"us_form_1_select_1\">\r\n\t\t\t<option value=\"Electricidad y Gas\">Electricidad y Gas<\/option><option value=\"Agua\">Agua<\/option><option value=\"Carretera\">Carretera<\/option><option value=\"Sanidad\">Sanidad<\/option><option value=\"Banca-Finanzas\">Banca-Finanzas<\/option><option value=\"Despachos de Abogados\">Despachos de Abogados<\/option><option value=\"Otros\">Otros<\/option>\t\t<\/select>\r\n\t\t\t<\/div>\r\n\t\t<div class=\"w-form-row-state\">Selecciona una opci\u00f3n<\/div>\r\n<\/div>\r\n<div class=\"w-form-row for_textarea has_label cols_2\">\r\n\t\t\t<div class=\"w-form-row-label\">\r\n\t\t\t<span>Mensaje<\/span>\r\n\t\t<\/div>\r\n\t\t<div class=\"w-form-row-field\">\r\n\t\t\t\t\t\t<textarea aria-label=\"Mensaje\" name=\"us_form_1_textarea_1\" placeholder><\/textarea>\r\n\t\t\t<\/div>\r\n\t\t<div class=\"w-form-row-state\">Rellena este campo<\/div>\r\n<\/div>\r\n<div class=\"w-form-row for_agreement required\">\r\n\t\t<div class=\"w-form-row-field\">\r\n\t\t\t\t<label>\r\n\t\t\t<input type=\"checkbox\" value=\"1\" data-required=\"true\" aria-required=\"true\" name=\"us_form_1_agreement_1\"\/>\r\n\t\t\t<span>He le\u00eddo y acepto la Pol\u00edtica de privacidad *<\/span>\r\n\t\t<\/label>\r\n\t\t\t<\/div>\r\n\t\t<div class=\"w-form-row-state\">Tienes que aprobar los t\u00e9rminos para continuar<\/div>\r\n<\/div>\r\n<div class=\"w-form-row for_captcha has_label required\">\r\n\t<div class=\"w-form-row-label\">\r\n\t\t<span>Para demostrar que eres humano, resuelve la ecuaci\u00f3n:   <span>19 + 9 = ?<\/span><\/span>\r\n\t<\/div>\r\n\t<div class=\"w-form-row-field\">\r\n\t\t\t\t<input type=\"hidden\" name=\"us_form_1_captcha_1_hash\" value=\"d4d835362c53644e06583886bd3469cc\" \/>\r\n\t\t\t\t<input aria-label=\"Para demostrar que eres humano, resuelve la ecuaci\u00f3n:  \" type=\"text\" name=\"us_form_1_captcha_1\" placeholder data-required=\"true\" aria-required=\"true\"\/>\r\n\t\t\t<\/div>\r\n\t\t<div class=\"w-form-row-state\">Escriba el resultado de la operaci\u00f3n para continuar<\/div>\r\n<\/div>\r\n<input type=\"hidden\" name=\"action\" value=\"us_ajax_cform\" \/>\r\n<input type=\"hidden\" name=\"post_id\" value=\"0\" \/>\r\n<input type=\"hidden\" name=\"form_index\" value=\"1\" \/>\r\n<div class=\"w-form-row for_submit default_align_none laptops_align_none tablets_align_none mobiles_align_justify\"><button class=\"w-btn us-btn-style_30\" type=\"submit\" aria-label=\"Enviar solicitud\"><span class=\"g-preloader type_1\"><\/span><span class=\"w-btn-label\">Enviar solicitud<\/span><\/button><\/div><\/div><div class=\"w-form-message\"><\/div><div class=\"w-form-json hidden\" onclick='return {&quot;ajaxurl&quot;:&quot;https:\\\/\\\/creditsuite.eu\\\/wp-admin\\\/admin-ajax.php&quot;,&quot;messages&quot;:{&quot;err_empty&quot;:&quot;Rellena este campo&quot;,&quot;err_size&quot;:&quot;El tama\\u00f1o del archivo no puede exceder %s MB&quot;,&quot;err_extension&quot;:&quot;El tipo de archivo %s no est\\u00e1 permitido&quot;,&quot;err_recaptcha_keys&quot;:&quot;Las claves de reCAPTCHA son incorrectas&quot;}}'><\/div><\/form><div class=\"wpb_text_column\"><div class=\"wpb_wrapper\"><p><a class=\"w-text-h\" href=\"https:\/\/creditsuite.eu\/es\/politica-de-privacidad\/\"><span class=\"w-text-value\">*Aviso de privacidad<\/span><\/a><\/p>\n<\/div><\/div><\/div><\/div><\/div><\/div><\/div><\/div><\/div><\/section>\n","protected":false},"excerpt":{"rendered":"Descargar folleto y descubre c\u00f3mo integrar y gobernar todos los procesos de gesti\u00f3n del cr\u00e9dito en una \u00fanica herramienta Rellene el formulariopara recibir el folleto de CreditSuite Nombre * Rellena este campo Apellido * Rellena este campo Correo electr\u00f3nico * Por favor, introduce una direcci\u00f3n de correo electr\u00f3nico v\u00e1lida. Nombre de la empresa\/Actividad * Rellena...","protected":false},"author":1,"featured_media":0,"parent":0,"menu_order":0,"comment_status":"closed","ping_status":"closed","template":"","meta":{"two_page_speed":[],"footnotes":""},"class_list":["post-11365","page","type-page","status-publish","hentry"],"_links":{"self":[{"href":"https:\/\/creditsuite.eu\/es\/wp-json\/wp\/v2\/pages\/11365","targetHints":{"allow":["GET"]}}],"collection":[{"href":"https:\/\/creditsuite.eu\/es\/wp-json\/wp\/v2\/pages"}],"about":[{"href":"https:\/\/creditsuite.eu\/es\/wp-json\/wp\/v2\/types\/page"}],"author":[{"embeddable":true,"href":"https:\/\/creditsuite.eu\/es\/wp-json\/wp\/v2\/users\/1"}],"replies":[{"embeddable":true,"href":"https:\/\/creditsuite.eu\/es\/wp-json\/wp\/v2\/comments?post=11365"}],"version-history":[{"count":13,"href":"https:\/\/creditsuite.eu\/es\/wp-json\/wp\/v2\/pages\/11365\/revisions"}],"predecessor-version":[{"id":11870,"href":"https:\/\/creditsuite.eu\/es\/wp-json\/wp\/v2\/pages\/11365\/revisions\/11870"}],"wp:attachment":[{"href":"https:\/\/creditsuite.eu\/es\/wp-json\/wp\/v2\/media?parent=11365"}],"curies":[{"name":"wp","href":"https:\/\/api.w.org\/{rel}","templated":true}]}}