{"id":11514,"date":"2025-05-27T16:17:04","date_gmt":"2025-05-27T14:17:04","guid":{"rendered":"https:\/\/creditsuite.eu\/pasarela-cmor-sii\/"},"modified":"2025-05-27T17:08:18","modified_gmt":"2025-05-27T15:08:18","slug":"pasarela-cmor-sii","status":"publish","type":"page","link":"https:\/\/creditsuite.eu\/es\/pasarela-cmor-sii\/","title":{"rendered":"Pasarela CMOR-SII"},"content":{"rendered":"<section class=\"l-section wpb_row height_small color_alternate with_shape\"><div class=\"l-section-shape type_triangle-2 pos_bottom\" style=\"height:6vh;\"><svg xmlns=\"http:\/\/www.w3.org\/2000\/svg\" viewBox=\"0 0 64 8\" preserveAspectRatio=\"none\" width=\"100%\" height=\"100%\">\r\n\t<path fill=\"currentColor\" d=\"M64 8 L0 8 L0 0 L48 7.9 L64 0 Z\"\/>\r\n<\/svg><\/div><div class=\"l-section-h i-cf\"><div class=\"g-cols vc_row via_grid cols_1 laptops-cols_inherit tablets-cols_1 mobiles-cols_1 valign_top type_default stacking_default\" style=\"--columns-gap:0rem;\"><div class=\"wpb_column vc_column_container\"><div class=\"vc_column-inner\"><h1 class=\"w-text us_custom_eb849559\"><span class=\"w-text-h\"><span class=\"w-text-value\">CMOR | Pasarela SII  <\/span><\/span><\/h1><div class=\"w-iconbox iconpos_top style_default color_custom align_center no_text no_title\"><div class=\"w-iconbox-icon\" style=\"font-size:3rem;--icon-color:#ffffff;\"><i class=\"far fa-chevron-down\"><\/i><\/div><div class=\"w-iconbox-meta\"><\/div><\/div><\/div><\/div><\/div><\/div><\/section><section class=\"l-section wpb_row height_custom\"><div class=\"l-section-h i-cf\"><div class=\"g-cols vc_row via_grid cols_2-3 laptops-cols_2 tablets-cols_inherit mobiles-cols_1 valign_middle type_default stacking_default\" style=\"--columns-gap:5%;\"><div class=\"wpb_column vc_column_container\"><div class=\"vc_column-inner\"><div class=\"wpb_text_column\"><div class=\"wpb_wrapper\"><h2><strong>Pasarela CMOR-SII<\/strong><\/h2>\n<p><span class=\"s1\">El m\u00f3dulo Pasarela CMOR-SII  <\/span><span class=\"s1\">automatiza y simplifica la gesti\u00f3n <strong>del CMOR<\/strong> entrante y saliente. Integra <strong>el CDP de<\/strong> la empresa para procesar, transmitir y supervisar los procesos regulados por el Comprador \u00danico.   <\/span><\/p>\n<p><span class=\"s1\">CreditSuite es una plataforma de servicios creada para la gesti\u00f3n del cr\u00e9dito, capaz de integrar y automatizar todos los procesos, ayudando a las empresas de servicios p\u00fablicos a \u201cgobernar\u201d el cr\u00e9dito como un proceso empresarial estrat\u00e9gico.<\/span><\/p>\n<\/div><\/div><div class=\"w-separator size_small\"><\/div><div class=\"w-btn-wrapper align_left\"><a class=\"w-btn us-btn-style_32 us_custom_cbdf43e5 us_animate_this\" href=\"#modulo-contatti\"><span class=\"w-btn-label\">Solicita informaci\u00f3n<\/span><\/a><\/div><\/div><\/div><div class=\"wpb_column vc_column_container\"><div class=\"vc_column-inner\"><div class=\"w-image align_none\"><div class=\"w-image-h\"><img decoding=\"async\" width=\"1024\" height=\"595\" src=\"https:\/\/creditsuite.eu\/wp-content\/uploads\/2025\/05\/CMOR-1024x595.png\" class=\"attachment-large size-large\" alt=\"CMOR\" loading=\"lazy\" srcset=\"https:\/\/creditsuite.eu\/wp-content\/uploads\/2025\/05\/CMOR-1024x595.png 1024w, https:\/\/creditsuite.eu\/wp-content\/uploads\/2025\/05\/CMOR-300x174.png 300w, https:\/\/creditsuite.eu\/wp-content\/uploads\/2025\/05\/CMOR-600x349.png 600w, https:\/\/creditsuite.eu\/wp-content\/uploads\/2025\/05\/CMOR-768x447.png 768w, https:\/\/creditsuite.eu\/wp-content\/uploads\/2025\/05\/CMOR.png 1080w\" sizes=\"auto, (max-width: 1024px) 100vw, 1024px\" \/><\/div><\/div><\/div><\/div><\/div><\/div><\/section><section class=\"l-section wpb_row height_small with_shape\"><div class=\"l-section-shape type_custom pos_bottom\" style=\"height:30%;color:var(--color-content-bg-alt)\"><svg xmlns=\"http:\/\/www.w3.org\/2000\/svg\" viewBox=\"0 0 64 8\" preserveAspectRatio=\"none\" width=\"100%\" height=\"100%\">\r\n\t<path fill=\"currentColor\" d=\"M64 8 L0 8 L0 0 L64 0 Z\"\/>\r\n<\/svg><\/div><div class=\"l-section-h i-cf\"><div class=\"g-cols vc_row via_grid cols_1 laptops-cols_inherit tablets-cols_inherit mobiles-cols_1 valign_top type_default stacking_default\"><div class=\"wpb_column vc_column_container\"><div class=\"vc_column-inner\"><h2 class=\"w-text us_custom_602c3f15\"><span class=\"w-text-h\"><span class=\"w-text-value\">Resultados<\/span><\/span><\/h2><div class=\"w-separator size_small\"><\/div><div class=\"g-cols wpb_row via_grid cols_3 laptops-cols_inherit tablets-cols_inherit mobiles-cols_1 valign_top type_default stacking_default\" style=\"--columns-gap:2rem;\"><div class=\"wpb_column vc_column_container us_custom_94ddc5ac us_animate_this has_bg_color\"><div class=\"vc_column-inner\"><div class=\"w-iconbox iconpos_top style_outlined color_primary align_none no_text\"><div class=\"w-iconbox-icon\" style=\"font-size:25px;\"><i class=\"fas fa-analytics\"><\/i><\/div><div class=\"w-iconbox-meta\"><h6 class=\"w-iconbox-title\">C\u00e1lculo autom\u00e1tico de CMOR &#8211; CMOR Reseller<\/h6><\/div><\/div><\/div><\/div><div class=\"wpb_column vc_column_container us_custom_94ddc5ac us_animate_this has_bg_color\"><div class=\"vc_column-inner\"><div class=\"w-iconbox iconpos_top style_outlined color_primary align_none no_text\"><div class=\"w-iconbox-icon\" style=\"font-size:25px;\"><i class=\"fas fa-file-check\"><\/i><\/div><div class=\"w-iconbox-meta\"><h6 class=\"w-iconbox-title\">Cumplimiento de la normativa<\/h6><\/div><\/div><\/div><\/div><div class=\"wpb_column vc_column_container us_custom_94ddc5ac us_animate_this has_bg_color\"><div class=\"vc_column-inner\"><div class=\"w-iconbox iconpos_top style_outlined color_primary align_none no_text\"><div class=\"w-iconbox-icon\" style=\"font-size:25px;\"><i class=\"fas fa-cog\"><\/i><\/div><div class=\"w-iconbox-meta\"><h6 class=\"w-iconbox-title\">Eficacia de los procesos y reducci\u00f3n de las actividades manuales<\/h6><\/div><\/div><\/div><\/div><\/div><\/div><\/div><\/div><\/div><\/section><section class=\"l-section wpb_row height_custom\"><div class=\"l-section-h i-cf\"><div class=\"g-cols vc_row via_grid cols_1 laptops-cols_inherit tablets-cols_inherit mobiles-cols_1 valign_top type_default stacking_default\" style=\"--columns-gap:0rem;\"><div class=\"wpb_column vc_column_container\"><div class=\"vc_column-inner\"><div class=\"wpb_text_column\"><div class=\"wpb_wrapper\"><h2 style=\"text-align: center;\">Funciones principales<\/h2>\n<\/div><\/div><div class=\"w-separator size_medium\"><\/div><div class=\"g-cols wpb_row via_grid cols_2 laptops-cols_inherit tablets-cols_1 mobiles-cols_1 valign_middle type_default stacking_default\" style=\"--columns-gap:3rem;\"><div class=\"wpb_column vc_column_container\"><div class=\"vc_column-inner\"><div class=\"w-iconbox us_custom_7e20fa79 us_animate_this iconpos_left style_default color_primary align_left\"><div class=\"w-iconbox-icon\" style=\"font-size:2rem;\"><i class=\"far fa-cogs\"><\/i><\/div><div class=\"w-iconbox-meta\"><h4 class=\"w-iconbox-title\">Automatizaci\u00f3n de las solicitudes y comunicaci\u00f3n con el SII<\/h4><div class=\"w-iconbox-text\"><ul>\n<li>Env\u00edo y recepci\u00f3n autom\u00e1tica de reclamaciones (CMOR), anulaciones y notificaciones<\/li>\n<li>Comunicaci\u00f3n fluida y compatible con el portal IIS<\/li>\n<\/ul>\n<\/div><\/div><\/div><div class=\"w-separator size_small\"><\/div><div class=\"w-iconbox us_custom_7e20fa79 us_animate_this iconpos_left style_default color_primary align_left\"><div class=\"w-iconbox-icon\" style=\"font-size:2rem;\"><i class=\"far fa-server\"><\/i><\/div><div class=\"w-iconbox-meta\"><h4 class=\"w-iconbox-title\">Integraci\u00f3n con sistemas empresariales<\/h4><div class=\"w-iconbox-text\"><ul>\n<li>Conexi\u00f3n directa con sistemas de facturaci\u00f3n, CRM y totalmente integrado con CreditSuite<\/li>\n<li>Sincronizaci\u00f3n de datos para garantizar la alineaci\u00f3n con el SII en tiempo real<\/li>\n<\/ul>\n<\/div><\/div><\/div><div class=\"w-separator size_small\"><\/div><div class=\"w-iconbox us_custom_7e20fa79 us_animate_this iconpos_left style_default color_primary align_left\"><div class=\"w-iconbox-icon\" style=\"font-size:2rem;\"><i class=\"far fa-file-check\"><\/i><\/div><div class=\"w-iconbox-meta\"><h4 class=\"w-iconbox-title\">Gesti\u00f3n del incumplimiento<\/h4><div class=\"w-iconbox-text\"><ul>\n<li>Reconocimiento y gesti\u00f3n autom\u00e1ticos del incumplimiento de la normativa TISIND<\/li>\n<li>Notificaciones inmediatas para informar de errores o incoherencias en el proceso<\/li>\n<\/ul>\n<\/div><\/div><\/div><div class=\"w-separator size_small\"><\/div><div class=\"w-iconbox us_custom_7e20fa79 us_animate_this iconpos_left style_default color_primary align_left\"><div class=\"w-iconbox-icon\" style=\"font-size:2rem;\"><i class=\"far fa-bell\"><\/i><\/div><div class=\"w-iconbox-meta\"><h4 class=\"w-iconbox-title\">Notificaciones y cancelaciones autom\u00e1ticas<\/h4><div class=\"w-iconbox-text\"><ul>\n<li>Automatizar la anulaci\u00f3n de CMOR u otros cargos no conformes a petici\u00f3n del IIS<\/li>\n<li>Comunicaciones simplificadas para poner al d\u00eda a los usuarios<\/li>\n<\/ul>\n<\/div><\/div><\/div><div class=\"w-separator size_small\"><\/div><div class=\"w-iconbox us_custom_7e20fa79 us_animate_this iconpos_left style_default color_primary align_left\"><div class=\"w-iconbox-icon\" style=\"font-size:2rem;\"><i class=\"far fa-badge-check\"><\/i><\/div><div class=\"w-iconbox-meta\"><h4 class=\"w-iconbox-title\">Acceso seguro y centralizado<\/h4><div class=\"w-iconbox-text\"><ul>\n<li>Plataforma accesible mediante autenticaci\u00f3n segura y conforme a las normas de privacidad<\/li>\n<li>Gesti\u00f3n multiusuario con niveles de autorizaci\u00f3n diferenciados<\/li>\n<\/ul>\n<\/div><\/div><\/div><\/div><\/div><div class=\"wpb_column vc_column_container us_custom_08911672\"><div class=\"vc_column-inner\"><div class=\"w-iconbox us_custom_7e20fa79 us_animate_this iconpos_left style_default color_primary align_left\"><div class=\"w-iconbox-icon\" style=\"font-size:2rem;\"><i class=\"far fa-analytics\"><\/i><\/div><div class=\"w-iconbox-meta\"><h4 class=\"w-iconbox-title\">Seguimiento en tiempo real<\/h4><div class=\"w-iconbox-text\"><ul>\n<li>Panel de control centralizado para comprobar el estado de todas las solicitudes enviadas al IIS<\/li>\n<li>Actualizaciones en tiempo real sobre el estado de aceptaci\u00f3n, rechazo o pendiente.<\/li>\n<\/ul>\n<\/div><\/div><\/div><div class=\"w-separator size_small\"><\/div><div class=\"w-iconbox us_custom_7e20fa79 us_animate_this iconpos_left style_default color_primary align_left\"><div class=\"w-iconbox-icon\" style=\"font-size:2rem;\"><i class=\"far fa-folder-tree\"><\/i><\/div><div class=\"w-iconbox-meta\"><h4 class=\"w-iconbox-title\">Gesti\u00f3n de CMOR y otras pr\u00e1cticas SII<\/h4><div class=\"w-iconbox-text\"><ul>\n<li>Creaci\u00f3n, env\u00edo y gesti\u00f3n completa de solicitudes CMOR &#8211; CMOR Revendedor<\/li>\n<li>Apoyo a otras comunicaciones obligatorias exigidas por la ley<\/li>\n<\/ul>\n<\/div><\/div><\/div><div class=\"w-separator size_small\"><\/div><div class=\"w-iconbox us_custom_7e20fa79 us_animate_this iconpos_left style_default color_primary align_left\"><div class=\"w-iconbox-icon\" style=\"font-size:2rem;\"><i class=\"far fa-thumbs-up\"><\/i><\/div><div class=\"w-iconbox-meta\"><h4 class=\"w-iconbox-title\">Validaci\u00f3n de datos<\/h4><div class=\"w-iconbox-text\"><ul>\n<li>Comprobaciones avanzadas de los datos antes de enviarlos al SII, para reducir los errores y acelerar el proceso<\/li>\n<li>Notificaci\u00f3n autom\u00e1tica de datos omitidos o incorrectos<\/li>\n<\/ul>\n<\/div><\/div><\/div><div class=\"w-separator size_small\"><\/div><div class=\"w-iconbox us_custom_7e20fa79 us_animate_this iconpos_left style_default color_primary align_left\"><div class=\"w-iconbox-icon\" style=\"font-size:2rem;\"><i class=\"far fa-file-chart-line\"><\/i><\/div><div class=\"w-iconbox-meta\"><h4 class=\"w-iconbox-title\">Informes y an\u00e1lisis avanzados<\/h4><div class=\"w-iconbox-text\"><ul>\n<li>Generaci\u00f3n de informes detallados sobre solicitudes enviadas, cr\u00e9ditos recuperados y expedientes abiertos<\/li>\n<li>An\u00e1lisis de datos hist\u00f3ricos para mejorar el rendimiento y reducir el tiempo de gesti\u00f3n<\/li>\n<\/ul>\n<\/div><\/div><\/div><div class=\"w-separator size_small\"><\/div><div class=\"w-iconbox us_custom_7e20fa79 us_animate_this iconpos_left style_default color_primary align_left\"><div class=\"w-iconbox-icon\" style=\"font-size:2rem;\"><i class=\"far fa-balance-scale\"><\/i><\/div><div class=\"w-iconbox-meta\"><h4 class=\"w-iconbox-title\">Cumplimiento normativo garantizado<\/h4><div class=\"w-iconbox-text\"><ul>\n<li>Actualizaciones autom\u00e1ticas de la pasarela para cumplir las nuevas normativas<\/li>\n<li>Apoyo integral para cumplir con TISIND y TIQV<\/li>\n<\/ul>\n<\/div><\/div><\/div><\/div><\/div><\/div><\/div><\/div><div class=\"wpb_column vc_column_container\"><div class=\"vc_column-inner\"><div class=\"w-separator size_medium\"><\/div><div class=\"g-cols wpb_row via_grid cols_1 laptops-cols_inherit tablets-cols_inherit mobiles-cols_1 valign_top type_default stacking_default\" style=\"--columns-gap:3rem;\"><div class=\"wpb_column vc_column_container\"><div class=\"vc_column-inner\"><div class=\"w-btn-wrapper align_center\"><a class=\"w-btn us-btn-style_32 us_custom_cbdf43e5 us_animate_this\" href=\"#modulo-contatti\"><span class=\"w-btn-label\">Solicita informaci\u00f3n<\/span><\/a><\/div><\/div><\/div><\/div><\/div><\/div><\/div><\/div><\/section><section class=\"l-section wpb_row height_small\"><div class=\"l-section-h i-cf\"><div class=\"g-cols vc_row via_grid cols_1 laptops-cols_inherit tablets-cols_inherit mobiles-cols_1 valign_top type_default stacking_default\"><div class=\"wpb_column vc_column_container\"><div class=\"vc_column-inner\"><div class=\"wpb_text_column us_custom_4076faf9 has_text_color\"><div class=\"wpb_wrapper\"><h2 style=\"text-align: center;\"><strong>  \u00bfQuieres solicitar una demostraci\u00f3n o tienes preguntas sobre el producto?<\/strong><\/h2>\n<\/div><\/div><div class=\"w-separator size_small\"><\/div><div class=\"wpb_text_column\"><div class=\"wpb_wrapper\"><p style=\"text-align: center;\"><span>Rellena el formulario, uno de nuestros representantes se pondr\u00e1 en contacto contigo lo antes posible.<\/span><\/p>\n<\/div><\/div><\/div><\/div><\/div><\/div><\/section><section class=\"l-section wpb_row height_small\" id=\"modulo-contatti\"><div class=\"l-section-h i-cf\"><div class=\"g-cols vc_row via_grid cols_1 laptops-cols_inherit tablets-cols_inherit mobiles-cols_1 valign_top type_default stacking_default\"><div class=\"wpb_column vc_column_container\"><div class=\"vc_column-inner\"><form class=\"w-form  us-field-style_1 layout_ver show_message_after_sending for_cform us_form_1\" action=\"https:\/\/creditsuite.eu\/es\/wp-json\/wp\/v2\/pages\/11514\" method=\"post\" style=\"--fields-gap:1.5rem\"><div class=\"w-form-h\"><div class=\"w-form-row for_text has_label required cols_2\">\r\n\t\t\t<div class=\"w-form-row-label\">\r\n\t\t\t<span>Nombre *<\/span>\r\n\t\t<\/div>\r\n\t\t<div class=\"w-form-row-field\">\r\n\t\t\t\t\t\t<input aria-label=\"Nombre\" type=\"text\" name=\"us_form_1_text_1\" value placeholder data-required=\"true\" aria-required=\"true\"\/>\r\n\t\t\t<\/div>\r\n\t\t<div class=\"w-form-row-state\">Rellena este campo<\/div>\r\n<\/div>\r\n<div class=\"w-form-row for_text has_label required cols_2\">\r\n\t\t\t<div class=\"w-form-row-label\">\r\n\t\t\t<span>Apellido *<\/span>\r\n\t\t<\/div>\r\n\t\t<div class=\"w-form-row-field\">\r\n\t\t\t\t\t\t<input aria-label=\"Apellido\" type=\"text\" name=\"us_form_1_text_2\" value placeholder data-required=\"true\" aria-required=\"true\"\/>\r\n\t\t\t<\/div>\r\n\t\t<div class=\"w-form-row-state\">Rellena este campo<\/div>\r\n<\/div>\r\n<div class=\"w-form-row for_email has_label required cols_2\">\r\n\t\t\t<div class=\"w-form-row-label\">\r\n\t\t\t<span>Correo electr\u00f3nico *<\/span>\r\n\t\t<\/div>\r\n\t\t<div class=\"w-form-row-field\">\r\n\t\t\t\t\t\t<input aria-label=\"Correo electr\u00f3nico\" type=\"email\" name=\"us_form_1_email_1\" value placeholder=\"mail@domain.com\" data-required=\"true\" aria-required=\"true\"\/>\r\n\t\t\t<\/div>\r\n\t\t<div class=\"w-form-row-state\">Por favor, introduce una direcci\u00f3n de correo electr\u00f3nico v\u00e1lida.<\/div>\r\n<\/div>\r\n<div class=\"w-form-row for_text has_label required cols_2\">\r\n\t\t\t<div class=\"w-form-row-label\">\r\n\t\t\t<span>N\u00famero de tel\u00e9fono *<\/span>\r\n\t\t<\/div>\r\n\t\t<div class=\"w-form-row-field\">\r\n\t\t\t\t\t\t<input aria-label=\"N\u00famero de tel\u00e9fono\" type=\"text\" name=\"us_form_1_text_3\" value placeholder data-required=\"true\" aria-required=\"true\"\/>\r\n\t\t\t<\/div>\r\n\t\t<div class=\"w-form-row-state\">Rellena este campo<\/div>\r\n<\/div>\r\n<div class=\"w-form-row for_text has_label required cols_2\">\r\n\t\t\t<div class=\"w-form-row-label\">\r\n\t\t\t<span>Nombre de la empresa\/Actividad   *<\/span>\r\n\t\t<\/div>\r\n\t\t<div class=\"w-form-row-field\">\r\n\t\t\t\t\t\t<input aria-label=\"Nombre de la empresa\/Actividad  \" type=\"text\" name=\"us_form_1_text_4\" value placeholder data-required=\"true\" aria-required=\"true\"\/>\r\n\t\t\t<\/div>\r\n\t\t<div class=\"w-form-row-state\">Rellena este campo<\/div>\r\n<\/div>\r\n<div class=\"w-form-row for_select has_label cols_2\">\r\n\t\t\t<div class=\"w-form-row-label\">\r\n\t\t\t<span>Seleccionar sector<\/span>\r\n\t\t<\/div>\r\n\t\t<div class=\"w-form-row-field\">\r\n\t\t\t\t\t\t<select aria-label=\"Seleccionar sector\" name=\"us_form_1_select_1\">\r\n\t\t\t<option value=\"Electricidad y gas\">Electricidad y gas<\/option><option value=\"Agua\">Agua<\/option><option value=\"Carretera\">Carretera<\/option><option value=\"Sanidad\">Sanidad<\/option><option value=\"Finanzas y seguros\">Finanzas y seguros<\/option><option value=\"Despachos de abogados\">Despachos de abogados<\/option><option value=\"Otros\">Otros<\/option>\t\t<\/select>\r\n\t\t\t<\/div>\r\n\t\t<div class=\"w-form-row-state\">Selecciona una opci\u00f3n<\/div>\r\n<\/div>\r\n<div class=\"w-form-row for_textarea has_label\">\r\n\t\t\t<div class=\"w-form-row-label\">\r\n\t\t\t<span>Insight requerido\/mensaje<\/span>\r\n\t\t<\/div>\r\n\t\t<div class=\"w-form-row-field\">\r\n\t\t\t\t\t\t<textarea aria-label=\"Insight requerido\/mensaje\" name=\"us_form_1_textarea_1\" placeholder><\/textarea>\r\n\t\t\t<\/div>\r\n\t\t<div class=\"w-form-row-state\">Rellena este campo<\/div>\r\n<\/div>\r\n<div class=\"w-form-row for_agreement required\">\r\n\t\t<div class=\"w-form-row-field\">\r\n\t\t\t\t<label>\r\n\t\t\t<input type=\"checkbox\" value=\"1\" data-required=\"true\" aria-required=\"true\" name=\"us_form_1_agreement_1\"\/>\r\n\t\t\t<span>He le\u00eddo y acepto la Pol\u00edtica de privacidad *<\/span>\r\n\t\t<\/label>\r\n\t\t\t<\/div>\r\n\t\t<div class=\"w-form-row-state\">Tienes que aprobar los t\u00e9rminos para continuar<\/div>\r\n<\/div>\r\n<div class=\"w-form-row for_captcha has_label required\">\r\n\t<div class=\"w-form-row-label\">\r\n\t\t<span>Para demostrar que eres humano, resuelve la ecuaci\u00f3n:   <span>18 - 4 = ?<\/span><\/span>\r\n\t<\/div>\r\n\t<div class=\"w-form-row-field\">\r\n\t\t\t\t<input type=\"hidden\" name=\"us_form_1_captcha_1_hash\" value=\"b34b20f9ad34f5cdc3f3618fa69b23a8\" \/>\r\n\t\t\t\t<input aria-label=\"Para demostrar que eres humano, resuelve la ecuaci\u00f3n:  \" type=\"text\" name=\"us_form_1_captcha_1\" placeholder data-required=\"true\" aria-required=\"true\"\/>\r\n\t\t\t<\/div>\r\n\t\t<div class=\"w-form-row-state\">Escriba el resultado de la operaci\u00f3n para continuar<\/div>\r\n<\/div>\r\n<input type=\"hidden\" name=\"action\" value=\"us_ajax_cform\" \/>\r\n<input type=\"hidden\" name=\"post_id\" value=\"0\" \/>\r\n<input type=\"hidden\" name=\"form_index\" value=\"1\" \/>\r\n<div class=\"w-form-row for_submit default_align_none laptops_align_none tablets_align_none mobiles_align_justify\"><button class=\"w-btn us-btn-style_30\" type=\"submit\" aria-label=\"Enviar solicitud\"><span class=\"g-preloader type_1\"><\/span><span class=\"w-btn-label\">Enviar solicitud<\/span><\/button><\/div><\/div><div class=\"w-form-message\"><\/div><div class=\"w-form-json hidden\" onclick='return {&quot;ajaxurl&quot;:&quot;https:\\\/\\\/creditsuite.eu\\\/wp-admin\\\/admin-ajax.php&quot;,&quot;messages&quot;:{&quot;err_empty&quot;:&quot;Rellena este campo&quot;,&quot;err_size&quot;:&quot;El tama\\u00f1o del archivo no puede exceder %s MB&quot;,&quot;err_extension&quot;:&quot;El tipo de archivo %s no est\\u00e1 permitido&quot;,&quot;err_recaptcha_keys&quot;:&quot;Las claves de reCAPTCHA son incorrectas&quot;}}'><\/div><\/form><div class=\"w-separator size_small\"><\/div><div class=\"wpb_text_column\"><div class=\"wpb_wrapper\"><p><a class=\"w-text-h\" href=\"https:\/\/creditsuite.eu\/es\/politica-de-privacidad\/\"><span class=\"w-text-value\">*Aviso de privacidad<\/span><\/a><\/p>\n<\/div><\/div><\/div><\/div><\/div><\/div><\/section>\n","protected":false},"excerpt":{"rendered":"CMOR | Pasarela SII Pasarela CMOR-SII El m\u00f3dulo Pasarela CMOR-SII automatiza y simplifica la gesti\u00f3n del CMOR entrante y saliente. Integra el CDP de la empresa para procesar, transmitir y supervisar los procesos regulados por el Comprador \u00danico. CreditSuite es una plataforma de servicios creada para la gesti\u00f3n del cr\u00e9dito, capaz de integrar y automatizar...","protected":false},"author":1,"featured_media":11511,"parent":0,"menu_order":0,"comment_status":"closed","ping_status":"closed","template":"","meta":{"two_page_speed":[],"footnotes":""},"class_list":["post-11514","page","type-page","status-publish","has-post-thumbnail","hentry"],"_links":{"self":[{"href":"https:\/\/creditsuite.eu\/es\/wp-json\/wp\/v2\/pages\/11514","targetHints":{"allow":["GET"]}}],"collection":[{"href":"https:\/\/creditsuite.eu\/es\/wp-json\/wp\/v2\/pages"}],"about":[{"href":"https:\/\/creditsuite.eu\/es\/wp-json\/wp\/v2\/types\/page"}],"author":[{"embeddable":true,"href":"https:\/\/creditsuite.eu\/es\/wp-json\/wp\/v2\/users\/1"}],"replies":[{"embeddable":true,"href":"https:\/\/creditsuite.eu\/es\/wp-json\/wp\/v2\/comments?post=11514"}],"version-history":[{"count":6,"href":"https:\/\/creditsuite.eu\/es\/wp-json\/wp\/v2\/pages\/11514\/revisions"}],"predecessor-version":[{"id":11566,"href":"https:\/\/creditsuite.eu\/es\/wp-json\/wp\/v2\/pages\/11514\/revisions\/11566"}],"wp:featuredmedia":[{"embeddable":true,"href":"https:\/\/creditsuite.eu\/es\/wp-json\/wp\/v2\/media\/11511"}],"wp:attachment":[{"href":"https:\/\/creditsuite.eu\/es\/wp-json\/wp\/v2\/media?parent=11514"}],"curies":[{"name":"wp","href":"https:\/\/api.w.org\/{rel}","templated":true}]}}