{"id":9224,"date":"2023-07-31T16:51:45","date_gmt":"2023-07-31T14:51:45","guid":{"rendered":"https:\/\/creditsuite.eu\/trabaja-con-nosotros\/"},"modified":"2025-07-08T12:21:21","modified_gmt":"2025-07-08T10:21:21","slug":"trabaja-con-nosotros","status":"publish","type":"page","link":"https:\/\/creditsuite.eu\/es\/trabaja-con-nosotros\/","title":{"rendered":"Trabaja con nosotros"},"content":{"rendered":"<section class=\"l-section wpb_row height_small color_alternate with_shape\"><div class=\"l-section-shape type_triangle-2 pos_bottom\" style=\"height:6vh;\"><svg xmlns=\"http:\/\/www.w3.org\/2000\/svg\" viewBox=\"0 0 64 8\" preserveAspectRatio=\"none\" width=\"100%\" height=\"100%\">\r\n\t<path fill=\"currentColor\" d=\"M64 8 L0 8 L0 0 L48 7.9 L64 0 Z\"\/>\r\n<\/svg><\/div><div class=\"l-section-h i-cf\"><div class=\"g-cols vc_row via_grid cols_1 laptops-cols_inherit tablets-cols_1 mobiles-cols_1 valign_top type_default stacking_default\" style=\"--columns-gap:0rem;\"><div class=\"wpb_column vc_column_container\"><div class=\"vc_column-inner\"><h1 class=\"w-text us_custom_eb849559\"><span class=\"w-text-h\"><span class=\"w-text-value\">Trabaja con nosotros<\/span><\/span><\/h1><div class=\"w-iconbox iconpos_top style_default color_custom align_center no_text no_title\"><div class=\"w-iconbox-icon\" style=\"font-size:3rem;--icon-color:#ffffff;\"><i class=\"far fa-chevron-down\"><\/i><\/div><div class=\"w-iconbox-meta\"><\/div><\/div><\/div><\/div><\/div><\/div><\/section><section class=\"l-section wpb_row height_custom\"><div class=\"l-section-h i-cf\"><div class=\"g-cols vc_row via_grid cols_2-3 laptops-cols_2 tablets-cols_inherit mobiles-cols_1 valign_middle type_default stacking_default\" style=\"--columns-gap:5%;\"><div class=\"wpb_column vc_column_container\"><div class=\"vc_column-inner\"><div class=\"wpb_text_column\"><div class=\"wpb_wrapper\"><div class=\"av-special-heading av-kt1iqvg1-8921b7c760b844839ab6497be3484cee av-special-heading-h2 blockquote modern-quote avia-builder-el-4 el_before_av_hr avia-builder-el-first av-inherit-size\">\n<h2 class=\"av-special-heading-tag\">Nuestra innovaci\u00f3n nace de las personas<\/h2>\n<\/div>\n<p>DigitalSuite le permite formar parte de un equipo que comparte valores y objetivos, impulsado por una capacidad com\u00fan de imaginaci\u00f3n y un deseo de innovaci\u00f3n.<\/p>\n<p>Nuestro equipo es \u00fanico: estamos abiertos a las ideas y a la contaminaci\u00f3n; somos originales, atentos y curiosos. Tenemos verdadero talento en todas las disciplinas; somos diferentes de los dem\u00e1s y nos gusta pensar que somos los mejores del sector.<\/p>\n<p><a href=\"https:\/\/www.digitalsuite.eu\" target=\"_blank\" rel=\"noopener\"><b>Descubra DigitalSuite Italia<\/b><\/a><\/p>\n<\/div><\/div><\/div><\/div><div class=\"wpb_column vc_column_container\"><div class=\"vc_column-inner\"><div class=\"w-image us_custom_47474b22 us_animate_this style_shadow-2 align_none\"><div class=\"w-image-h\"><div class=\"w-image-shadow\" style=\"background-image:url(https:\/\/creditsuite.eu\/wp-content\/uploads\/2023\/09\/Work-team.png);\"><\/div><img fetchpriority=\"high\" decoding=\"async\" width=\"1080\" height=\"1080\" src=\"https:\/\/creditsuite.eu\/wp-content\/uploads\/2023\/09\/Work-team.png\" class=\"attachment-full size-full\" alt=\"Team di lavoro\" loading=\"eager\" srcset=\"https:\/\/creditsuite.eu\/wp-content\/uploads\/2023\/09\/Work-team.png 1080w, https:\/\/creditsuite.eu\/wp-content\/uploads\/2023\/09\/Work-team-300x300.png 300w, https:\/\/creditsuite.eu\/wp-content\/uploads\/2023\/09\/Work-team-1024x1024.png 1024w, https:\/\/creditsuite.eu\/wp-content\/uploads\/2023\/09\/Work-team-150x150.png 150w\" sizes=\"(max-width: 1080px) 100vw, 1080px\" \/><\/div><\/div><\/div><\/div><\/div><\/div><\/section><section class=\"l-section wpb_row height_small\"><div class=\"l-section-overlay\" style=\"background:#f5f5f5\"><\/div><div class=\"l-section-h i-cf\"><div class=\"g-cols vc_row via_grid cols_1 laptops-cols_inherit tablets-cols_inherit mobiles-cols_1 valign_top type_default stacking_default\" style=\"--columns-gap:0rem;\"><div class=\"wpb_column vc_column_container\"><div class=\"vc_column-inner\"><div class=\"wpb_text_column\"><div class=\"wpb_wrapper\"><h2 style=\"text-align: center;\">Nuestros valores<\/h2>\n<\/div><\/div><div class=\"w-separator size_medium\"><\/div><div class=\"g-cols wpb_row via_grid cols_2 laptops-cols_inherit tablets-cols_1 mobiles-cols_1 valign_middle type_default stacking_default\" style=\"--columns-gap:3rem;\"><div class=\"wpb_column vc_column_container\"><div class=\"vc_column-inner\"><div class=\"w-image us_custom_7e20fa79 us_animate_this style_shadow-2 has_ratio align_center\"><div class=\"w-image-h\"><div style=\"padding-bottom:75%\"><\/div><div class=\"w-image-shadow\" style=\"background-image:url(https:\/\/creditsuite.eu\/wp-content\/uploads\/2023\/09\/Logo-DigitalSuite-1.png);\"><\/div><img decoding=\"async\" width=\"750\" height=\"750\" src=\"https:\/\/creditsuite.eu\/wp-content\/uploads\/2023\/09\/Logo-DigitalSuite-1.png\" class=\"attachment-large size-large\" alt=\"Logo DigitalSuite Italia\" loading=\"eager\" \/><\/div><\/div><\/div><\/div><div class=\"wpb_column vc_column_container\"><div class=\"vc_column-inner\"><div class=\"w-iconbox iconpos_left style_default color_primary align_left\"><div class=\"w-iconbox-icon\" style=\"font-size:50px;\"><i class=\"fas fa-lightbulb-on\"><\/i><\/div><div class=\"w-iconbox-meta\"><h4 class=\"w-iconbox-title\">Innovaci\u00f3n<\/h4><div class=\"w-iconbox-text\"><p>Nos esforzamos constantemente por encontrar nuevas formas de mejorar nuestros productos, servicios y procesos. Estamos abiertos al cambio y fomentamos la creatividad en nuestro equipo.<\/p>\n<\/div><\/div><\/div><div class=\"w-separator size_medium\"><\/div><div class=\"w-iconbox iconpos_left style_default color_primary align_left\"><div class=\"w-iconbox-icon\" style=\"font-size:50px;\"><i class=\"fas fa-thumbs-up\"><\/i><\/div><div class=\"w-iconbox-meta\"><h4 class=\"w-iconbox-title\">Transparencia<\/h4><div class=\"w-iconbox-text\"><p>Creemos en la franqueza y la honestidad en todas nuestras relaciones, tanto internas como externas. Nos comunicamos claramente con nuestros empleados, clientes, socios y otras partes interesadas. Nos enorgullecemos de nuestra claridad en la toma de decisiones y el uso de los recursos.<\/p>\n<\/div><\/div><\/div><div class=\"w-separator size_medium\"><\/div><div class=\"w-iconbox iconpos_left style_default color_primary align_left\"><div class=\"w-iconbox-icon\" style=\"font-size:50px;\"><i class=\"fas fa-pencil-ruler\"><\/i><\/div><div class=\"w-iconbox-meta\"><h4 class=\"w-iconbox-title\">Mejora continua<\/h4><div class=\"w-iconbox-text\"><p>Somos conscientes de que no existe un punto final, por lo que evaluamos y perfeccionamos constantemente nuestros procesos, productos y servicios. Estamos abiertos a recibir comentarios y a aprender de experiencias pasadas.<\/p>\n<\/div><\/div><\/div><\/div><\/div><\/div><\/div><\/div><\/div><\/div><\/section><section class=\"l-section wpb_row height_medium\"><div class=\"l-section-h i-cf\"><div class=\"g-cols vc_row via_grid cols_1 laptops-cols_inherit tablets-cols_inherit mobiles-cols_1 valign_top type_default stacking_default\"><div class=\"wpb_column vc_column_container\"><div class=\"vc_column-inner\"><div class=\"g-cols wpb_row via_grid cols_2 laptops-cols_inherit tablets-cols_1 mobiles-cols_1 valign_top type_default stacking_default\" style=\"--columns-gap:3rem;\"><div class=\"wpb_column vc_column_container\"><div class=\"vc_column-inner\"><h2 class=\"w-text us_custom_d98eb4eb\"><span class=\"w-text-h\"><span class=\"w-text-value\">Buscamos constantemente profesionales y socios<\/span><\/span><\/h2><\/div><\/div><div class=\"wpb_column vc_column_container\"><div class=\"vc_column-inner\"><div class=\"wpb_text_column us_custom_d98eb4eb\"><div class=\"wpb_wrapper\"><p>Si le apasiona la gesti\u00f3n de cr\u00e9ditos y desea formar parte de un equipo din\u00e1mico e innovador, o si representa a una empresa interesada en colaborar con nosotros, esta es su oportunidad de unirse a nosotros.<\/p>\n<\/div><\/div><div class=\"w-separator size_small\"><\/div><div class=\"w-btn-wrapper align_none\"><a class=\"w-btn us-btn-style_1\" href=\"mailto:team@creditsuite.it\"><span class=\"w-btn-label\">P\u00f3ngase en contacto con nosotros<\/span><\/a><\/div><\/div><\/div><\/div><div class=\"w-separator size_medium\"><\/div><div class=\"w-separator us_custom_d3705998 size_\u00bbcustom\u00bb\"><\/div><\/div><\/div><\/div><\/div><\/section><section class=\"l-section wpb_row height_small with_shape\"><div class=\"l-section-shape type_custom pos_bottom\" style=\"height:33%;color:var(--color-content-bg-alt)\"><svg xmlns=\"http:\/\/www.w3.org\/2000\/svg\" viewBox=\"0 0 64 8\" preserveAspectRatio=\"none\" width=\"100%\" height=\"100%\">\r\n\t<path fill=\"currentColor\" d=\"M64 8 L0 8 L0 0 L64 0 Z\"\/>\r\n<\/svg><\/div><div class=\"l-section-h i-cf\"><div class=\"g-cols vc_row via_grid cols_1 laptops-cols_inherit tablets-cols_inherit mobiles-cols_1 valign_top type_default stacking_default\"><div class=\"wpb_column vc_column_container\"><div class=\"vc_column-inner\"><div class=\"w-separator size_small\"><\/div><h2 class=\"w-text us_custom_602c3f15\"><span class=\"w-text-h\"><span class=\"w-text-value\">Puestos vacantes<\/span><\/span><\/h2><div class=\"w-separator size_medium\"><\/div><div class=\"g-cols wpb_row via_grid cols_4 laptops-cols_inherit tablets-cols_inherit mobiles-cols_1 valign_top type_default stacking_default\" style=\"--columns-gap:2rem;\"><div class=\"wpb_column vc_column_container us_custom_5977b90b has_bg_color\"><div class=\"vc_column-inner\"><div class=\"wpb_text_column\"><div class=\"wpb_wrapper\"><h4><strong>Desarrollo de software  <\/strong><\/h4>\n<p>Si es desarrollador o ingeniero de software y desea contribuir al desarrollo de nuestras soluciones tecnol\u00f3gicas avanzadas, tenemos interesantes oportunidades para usted.<\/p>\n<p><a href=\"mailto:team@creditsuite.it\">Env\u00ede su solicitud<\/a><\/p>\n<\/div><\/div><\/div><\/div><div class=\"wpb_column vc_column_container us_custom_5977b90b has_bg_color\"><div class=\"vc_column-inner\"><div class=\"wpb_text_column\"><div class=\"wpb_wrapper\"><h4><strong>Ventas y marketing<\/strong><\/h4>\n<p>Si tiene talento para las ventas o el marketing y le apasiona promover soluciones de gesti\u00f3n de cr\u00e9ditos, nos gustar\u00eda saber de usted.<\/p>\n<p><a href=\"mailto:team@creditsuite.it\">Env\u00ede su solicitud<\/a><\/p>\n<\/div><\/div><\/div><\/div><div class=\"wpb_column vc_column_container us_custom_5977b90b has_bg_color\"><div class=\"vc_column-inner\"><div class=\"wpb_text_column\"><div class=\"wpb_wrapper\"><h4><strong>Consultor\u00eda financiera<\/strong><\/h4>\n<p>Si es usted un experto en el sector financiero con un profundo conocimiento del cr\u00e9dito y el cobro de deudas, puede que sea el candidato ideal para nuestros equipos de consultor\u00eda.<\/p>\n<p><a href=\"mailto:team@creditsuite.it\">Env\u00ede su solicitud<\/a><\/p>\n<\/div><\/div><\/div><\/div><div class=\"wpb_column vc_column_container us_custom_5977b90b has_bg_color\"><div class=\"vc_column-inner\"><div class=\"wpb_text_column\"><div class=\"wpb_wrapper\"><h4><strong>Atenci\u00f3n al cliente<\/strong><\/h4>\n<p>Si tiene una gran inclinaci\u00f3n por la atenci\u00f3n al cliente y quiere ayudar a nuestros clientes a sacar el m\u00e1ximo partido de nuestras soluciones, tenemos puestos vacantes en nuestro equipo de asistencia.<\/p>\n<p><a href=\"mailto:team@creditsuite.it\">Env\u00ede su solicitud<\/a><\/p>\n<\/div><\/div><\/div><\/div><\/div><\/div><\/div><\/div><\/div><\/section><section class=\"l-section wpb_row height_custom\"><div class=\"l-section-h i-cf\"><div class=\"g-cols vc_row via_grid cols_1 laptops-cols_inherit tablets-cols_inherit mobiles-cols_1 valign_top type_default stacking_default\"><div class=\"wpb_column vc_column_container\"><div class=\"vc_column-inner\"><h2 class=\"w-text us_custom_602c3f15\"><span class=\"w-text-h\"><span class=\"w-text-value\">H\u00e1blenos de su experiencia, sus ambiciones y sus competencias<\/span><\/span><\/h2><div class=\"w-separator size_medium\"><\/div><div class=\"g-cols wpb_row via_grid cols_1 laptops-cols_inherit tablets-cols_inherit mobiles-cols_1 valign_top type_default stacking_default\" style=\"--columns-gap:3rem;\"><div class=\"wpb_column vc_column_container\"><div class=\"vc_column-inner\"><form class=\"w-form  us-field-style_1 layout_ver show_message_after_sending for_cform us_form_1\" action=\"https:\/\/creditsuite.eu\/es\/wp-json\/wp\/v2\/pages\/9224\" method=\"post\" enctype=\"multipart\/form-data\"><div class=\"w-form-h\"><div class=\"w-form-row for_text has_label required cols_2\">\r\n\t\t\t<div class=\"w-form-row-label\">\r\n\t\t\t<span>Nombre *<\/span>\r\n\t\t<\/div>\r\n\t\t<div class=\"w-form-row-field\">\r\n\t\t\t\t\t\t<input aria-label=\"Nombre\" type=\"text\" name=\"us_form_1_text_1\" value placeholder=\"Nombre\" data-required=\"true\" aria-required=\"true\"\/>\r\n\t\t\t<\/div>\r\n\t\t<div class=\"w-form-row-state\">Rellena este campo<\/div>\r\n<\/div>\r\n<div class=\"w-form-row for_text has_label required cols_2\">\r\n\t\t\t<div class=\"w-form-row-label\">\r\n\t\t\t<span>Apellido *<\/span>\r\n\t\t<\/div>\r\n\t\t<div class=\"w-form-row-field\">\r\n\t\t\t\t\t\t<input aria-label=\"Apellido\" type=\"text\" name=\"us_form_1_text_2\" value placeholder data-required=\"true\" aria-required=\"true\"\/>\r\n\t\t\t<\/div>\r\n\t\t<div class=\"w-form-row-state\">Rellena este campo<\/div>\r\n<\/div>\r\n<div class=\"w-form-row for_email has_label required cols_2\">\r\n\t\t\t<div class=\"w-form-row-label\">\r\n\t\t\t<span>Correo electr\u00f3nico *<\/span>\r\n\t\t<\/div>\r\n\t\t<div class=\"w-form-row-field\">\r\n\t\t\t\t\t\t<input aria-label=\"Correo electr\u00f3nico\" type=\"email\" name=\"us_form_1_email_1\" value placeholder=\"Correo electr\u00f3nico\" data-required=\"true\" aria-required=\"true\"\/>\r\n\t\t\t<\/div>\r\n\t\t<div class=\"w-form-row-state\">Por favor, introduce una direcci\u00f3n de correo electr\u00f3nico v\u00e1lida.<\/div>\r\n<\/div>\r\n<div class=\"w-form-row for_text has_label required cols_2\">\r\n\t\t\t<div class=\"w-form-row-label\">\r\n\t\t\t<span>N\u00famero de tel\u00e9fono *<\/span>\r\n\t\t<\/div>\r\n\t\t<div class=\"w-form-row-field\">\r\n\t\t\t\t\t\t<input aria-label=\"N\u00famero de tel\u00e9fono\" inputmode=\"numeric\" type=\"text\" name=\"us_form_1_text_3\" value placeholder data-required=\"true\" aria-required=\"true\"\/>\r\n\t\t\t<\/div>\r\n\t\t<div class=\"w-form-row-state\">Rellena este campo<\/div>\r\n<\/div>\r\n<div class=\"w-form-row for_textarea has_label\">\r\n\t\t\t<div class=\"w-form-row-label\">\r\n\t\t\t<span>Mensaje<\/span>\r\n\t\t<\/div>\r\n\t\t<div class=\"w-form-row-field\">\r\n\t\t\t\t\t\t<textarea aria-label=\"Mensaje\" name=\"us_form_1_textarea_1\" placeholder=\"Texto\"><\/textarea>\r\n\t\t\t<\/div>\r\n\t\t<div class=\"w-form-row-state\">Rellena este campo<\/div>\r\n<\/div>\r\n<div class=\"w-form-row for_file has_label required cols_2\">\r\n\t\t\t<div class=\"w-form-row-label\">\r\n\t\t\t<span>Sube tu curr\u00edculum\/portafolio en formato PDF *<\/span>\r\n\t\t<\/div>\r\n\t\t<div class=\"w-form-row-field\">\r\n\t\t\t\t\t\t<input aria-label=\"Sube tu curr\u00edculum\/portafolio en formato PDF\" type=\"file\" name=\"us_form_1_file_1\" accept=\"PDF\" data-std=\"10MB\" data-max_size=\"10\" data-required=\"true\" aria-required=\"true\"\/>\r\n\t\t\t<\/div>\r\n\t\t<div class=\"w-form-row-state\">Rellena este campo<\/div>\r\n<\/div>\r\n<div class=\"w-form-row for_agreement required\">\r\n\t\t<div class=\"w-form-row-field\">\r\n\t\t\t\t<label>\r\n\t\t\t<input type=\"checkbox\" value=\"1\" data-required=\"true\" aria-required=\"true\" name=\"us_form_1_agreement_1\"\/>\r\n\t\t\t<span>He le\u00eddo y acepto la Pol\u00edtica de privacidad *<\/span>\r\n\t\t<\/label>\r\n\t\t\t<\/div>\r\n\t\t<div class=\"w-form-row-state\">Tienes que aprobar los t\u00e9rminos para continuar<\/div>\r\n<\/div>\r\n<input type=\"hidden\" name=\"action\" value=\"us_ajax_cform\" \/>\r\n<input type=\"hidden\" name=\"post_id\" value=\"0\" \/>\r\n<input type=\"hidden\" name=\"form_index\" value=\"1\" \/>\r\n<div class=\"w-form-row for_submit align_none\"><button class=\"w-btn us-btn-style_1\" type=\"submit\" aria-label=\"Enviar solicitud\"><span class=\"g-preloader type_1\"><\/span><span class=\"w-btn-label\">Enviar solicitud<\/span><\/button><\/div><\/div><div class=\"w-form-message\"><\/div><div class=\"w-form-json hidden\" onclick='return {&quot;ajaxurl&quot;:&quot;https:\\\/\\\/creditsuite.eu\\\/wp-admin\\\/admin-ajax.php&quot;,&quot;messages&quot;:{&quot;err_empty&quot;:&quot;Rellena este campo&quot;,&quot;err_size&quot;:&quot;El tama\\u00f1o del archivo no puede exceder %s MB&quot;,&quot;err_extension&quot;:&quot;El tipo de archivo %s no est\\u00e1 permitido&quot;,&quot;err_recaptcha_keys&quot;:&quot;Las claves de reCAPTCHA son incorrectas&quot;}}'><\/div><\/form><div class=\"w-separator size_small\"><\/div><div class=\"w-text\"><a href=\"https:\/\/creditsuite.eu\/es\/politica-de-privacidad\/\" class=\"w-text-h\"><span class=\"w-text-value\">*Aviso de privacidad<\/span><\/a><\/div><\/div><\/div><\/div><\/div><\/div><\/div><\/div><\/section>\n","protected":false},"excerpt":{"rendered":"Trabaja con nosotros Nuestra innovaci\u00f3n nace de las personas DigitalSuite le permite formar parte de un equipo que comparte valores y objetivos, impulsado por una capacidad com\u00fan de imaginaci\u00f3n y un deseo de innovaci\u00f3n. Nuestro equipo es \u00fanico: estamos abiertos a las ideas y a la contaminaci\u00f3n; somos originales, atentos y curiosos. Tenemos verdadero talento...","protected":false},"author":1,"featured_media":0,"parent":0,"menu_order":0,"comment_status":"closed","ping_status":"closed","template":"","meta":{"two_page_speed":[],"footnotes":""},"class_list":["post-9224","page","type-page","status-publish","hentry"],"_links":{"self":[{"href":"https:\/\/creditsuite.eu\/es\/wp-json\/wp\/v2\/pages\/9224","targetHints":{"allow":["GET"]}}],"collection":[{"href":"https:\/\/creditsuite.eu\/es\/wp-json\/wp\/v2\/pages"}],"about":[{"href":"https:\/\/creditsuite.eu\/es\/wp-json\/wp\/v2\/types\/page"}],"author":[{"embeddable":true,"href":"https:\/\/creditsuite.eu\/es\/wp-json\/wp\/v2\/users\/1"}],"replies":[{"embeddable":true,"href":"https:\/\/creditsuite.eu\/es\/wp-json\/wp\/v2\/comments?post=9224"}],"version-history":[{"count":39,"href":"https:\/\/creditsuite.eu\/es\/wp-json\/wp\/v2\/pages\/9224\/revisions"}],"predecessor-version":[{"id":11715,"href":"https:\/\/creditsuite.eu\/es\/wp-json\/wp\/v2\/pages\/9224\/revisions\/11715"}],"wp:attachment":[{"href":"https:\/\/creditsuite.eu\/es\/wp-json\/wp\/v2\/media?parent=9224"}],"curies":[{"name":"wp","href":"https:\/\/api.w.org\/{rel}","templated":true}]}}