{"id":9254,"date":"2023-07-28T10:20:09","date_gmt":"2023-07-28T08:20:09","guid":{"rendered":"https:\/\/creditsuite.eu\/eventos-y-seminarios-web\/"},"modified":"2025-09-10T15:23:00","modified_gmt":"2025-09-10T13:23:00","slug":"eventos-y-seminarios-web","status":"publish","type":"page","link":"https:\/\/creditsuite.eu\/es\/eventos-y-seminarios-web\/","title":{"rendered":"Eventos y seminarios web"},"content":{"rendered":"<section class=\"l-section wpb_row height_small color_alternate with_shape\"><div class=\"l-section-shape type_triangle-2 pos_bottom\" style=\"height:6vh;\"><svg xmlns=\"http:\/\/www.w3.org\/2000\/svg\" viewBox=\"0 0 64 8\" preserveAspectRatio=\"none\" width=\"100%\" height=\"100%\">\r\n\t<path fill=\"currentColor\" d=\"M64 8 L0 8 L0 0 L48 7.9 L64 0 Z\"\/>\r\n<\/svg><\/div><div class=\"l-section-h i-cf\"><div class=\"g-cols vc_row via_grid cols_1 laptops-cols_inherit tablets-cols_1 mobiles-cols_1 valign_top type_default stacking_default\" style=\"--columns-gap:0rem;\"><div class=\"wpb_column vc_column_container\"><div class=\"vc_column-inner\"><h1 class=\"w-text us_custom_eb849559\"><span class=\"w-text-h\"><span class=\"w-text-value\">Eventos y seminarios web<\/span><\/span><\/h1><div class=\"w-iconbox iconpos_top style_default color_custom align_center no_text no_title\"><div class=\"w-iconbox-icon\" style=\"font-size:3rem;--icon-color:#ffffff;\"><i class=\"far fa-chevron-down\"><\/i><\/div><div class=\"w-iconbox-meta\"><\/div><\/div><\/div><\/div><\/div><\/div><\/section><section class=\"l-section wpb_row height_small\"><div class=\"l-section-h i-cf\"><div class=\"g-cols vc_row via_grid cols_1 laptops-cols_inherit tablets-cols_inherit mobiles-cols_1 valign_top type_default stacking_default\"><div class=\"wpb_column vc_column_container us_custom_b6355cd2 us_animate_this\"><div class=\"vc_column-inner\"><h1 class=\"w-text us_custom_8f384d20 us_animate_this\"><span class=\"w-text-h\"><span class=\"w-text-value\">Mant\u00e9ngase al d\u00eda de los eventos y seminarios web de CreditSuite<\/span><\/span><\/h1><div class=\"w-text us_custom_9e35ee28 us_animate_this\"><span class=\"w-text-h\"><span class=\"w-text-value\">Le proporcionamos asistencia y apoyo continuos para que saque el m\u00e1ximo partido de CreditSuite<\/span><\/span><\/div><div class=\"w-separator size_medium\"><\/div><div class=\"g-cols wpb_row via_grid cols_2 laptops-cols_inherit tablets-cols_1 mobiles-cols_1 valign_top type_default stacking_default\" style=\"--columns-gap:20px;\"><div class=\"wpb_column vc_column_container us_custom_ccab9c7e us_animate_this has_bg_color\"><div class=\"vc_column-inner\"><div class=\"w-iconbox iconpos_top style_default color_primary align_left no_text\"><div class=\"w-iconbox-icon\" style=\"font-size:2.5rem;\"><i class=\"fas fa-calendar-alt\"><\/i><\/div><div class=\"w-iconbox-meta\"><h3 class=\"w-iconbox-title\">Eventos<\/h3><\/div><\/div><\/div><\/div><div class=\"wpb_column vc_column_container us_custom_ccab9c7e us_animate_this has_bg_color\"><div class=\"vc_column-inner\"><div class=\"w-iconbox iconpos_top style_default color_primary align_left no_text\"><div class=\"w-iconbox-icon\" style=\"font-size:2.5rem;\"><i class=\"fas fa-laptop\"><\/i><\/div><div class=\"w-iconbox-meta\"><h3 class=\"w-iconbox-title\">Webinar<\/h3><\/div><\/div><\/div><\/div><\/div><\/div><\/div><\/div><\/div><\/section><section class=\"l-section wpb_row height_custom\"><div class=\"l-section-h i-cf\"><div class=\"g-cols vc_row via_grid cols_3 laptops-cols_inherit tablets-cols_2 mobiles-cols_1 valign_top type_default\" style=\"--columns-gap:4vw;\"><div class=\"wpb_column vc_column_container\"><div class=\"vc_column-inner\"><h4 class=\"w-text us_custom_ab7a1a89 icon_atleft\"><span class=\"w-text-h\"><i class=\"fas fa-laptop\"><\/i><span class=\"w-text-value\">CreditSuite patrocina Credit Management Gas&amp;Power 18\/09\/25<\/span><\/span><\/h4><div class=\"w-image has_ratio align_none\"><a href=\"https:\/\/creditsuite.eu\/es\/creditsuite-patrocinador-en-gaspower-credit-management-18-de-septiembre-de-2025\/\" aria-label=\"CreditSuite sponsor Gestione del Credito Gas&amp;Power 18 settembre 2025 (1)\" class=\"w-image-h\"><div style=\"padding-bottom:100%\"><\/div><img fetchpriority=\"high\" decoding=\"async\" width=\"1024\" height=\"1024\" src=\"https:\/\/creditsuite.eu\/wp-content\/uploads\/2025\/09\/CreditSuite-sponsor-Gestione-del-Credito-GasPower-18-settembre-2025-1-1024x1024.jpg\" class=\"attachment-large size-large\" alt=\"CreditSuite sponsor Gestione del Credito Gas&amp;Power 18 settembre 2025 (1)\" loading=\"eager\" \/><\/a><\/div><div class=\"w-separator size_small\"><\/div><div class=\"wpb_text_column\"><div class=\"wpb_wrapper\"><p><strong>CreditSuite<\/strong> estar\u00e1 presente en<strong>el evento<\/strong> <strong>Gas&amp;Power Credit Management<\/strong> el <strong>18 de septiembre<\/strong> de 2025 en el Starhotels Ritz, encu\u00e9ntranos en el stand n\u00famero 2.<\/p>\n<\/div><\/div><div class=\"w-separator size_small\"><\/div><div class=\"w-btn-wrapper align_none\"><a class=\"w-btn us-btn-style_1 icon_atleft\" href=\"https:\/\/creditsuite.eu\/es\/creditsuite-patrocinador-en-gaspower-credit-management-18-de-septiembre-de-2025\/\"><i class=\"fas fa-calendar-alt\"><\/i><span class=\"w-btn-label\">M\u00e1s informaci\u00f3n<\/span><\/a><\/div><\/div><\/div><div class=\"wpb_column vc_column_container\"><div class=\"vc_column-inner\"><h4 class=\"w-text us_custom_ab7a1a89 icon_atleft\"><span class=\"w-text-h\"><i class=\"fas fa-laptop\"><\/i><span class=\"w-text-value\">Feria del Cr\u00e9dito asociada a CreditSuite 4 &#8211; 5 de junio de 2025<\/span><\/span><\/h4><div class=\"w-image has_ratio align_none\"><a href=\"https:\/\/creditsuite.eu\/es\/socio-de-creditsuite-credit-fair-2025\/\" aria-label=\"CreditSuite partner Fiera del Credito 2025\" class=\"w-image-h\"><div style=\"padding-bottom:100%\"><\/div><img decoding=\"async\" width=\"1024\" height=\"1024\" src=\"https:\/\/creditsuite.eu\/wp-content\/uploads\/2025\/05\/CreditSuite-partner-Fiera-del-Credito-2025-1024x1024.jpg\" class=\"attachment-large size-large\" alt=\"CreditSuite partner Fiera del Credito 2025\" loading=\"eager\" \/><\/a><\/div><div class=\"w-separator size_small\"><\/div><div class=\"wpb_text_column\"><div class=\"wpb_wrapper\"><p><strong>CreditSuite vuelve a CreditWeek<\/strong>, el principal evento italiano dedicado al cr\u00e9dito, que se celebrar\u00e1 los <strong data-start=\"427\" data-end=\"448\">d\u00edas 4 y 5 de junio<\/strong> en <strong data-start=\"459\" data-end=\"493\">el Palazzo del Ghiaccio de Mil\u00e1n.<\/strong> Nos encontrar\u00e1s en <strong data-start=\"513\" data-end=\"526\">el stand M16<\/strong>.<\/p>\n<\/div><\/div><div class=\"w-separator size_small\"><\/div><div class=\"w-btn-wrapper align_none\"><a class=\"w-btn us-btn-style_1 icon_atleft\" href=\"https:\/\/creditsuite.eu\/es\/socio-de-creditsuite-credit-fair-2025\/\"><i class=\"fas fa-calendar-alt\"><\/i><span class=\"w-btn-label\">M\u00e1s informaci\u00f3n<\/span><\/a><\/div><\/div><\/div><div class=\"wpb_column vc_column_container\"><div class=\"vc_column-inner\"><h4 class=\"w-text us_custom_ab7a1a89 icon_atleft\"><span class=\"w-text-h\"><i class=\"fas fa-laptop\"><\/i><span class=\"w-text-value\">CreditSuite presente en la Feria del Cr\u00e9dito &#8211; 5 y 6 de junio de 2024<\/span><\/span><\/h4><div class=\"w-image has_ratio align_none\"><div class=\"w-image-h\"><div style=\"padding-bottom:100%\"><\/div><img decoding=\"async\" width=\"1024\" height=\"1024\" src=\"https:\/\/creditsuite.eu\/wp-content\/uploads\/2024\/05\/FieradelCredito-2024-1024x1024.png\" class=\"attachment-large size-large\" alt=\"Fiera del Credito 2024\" loading=\"eager\" \/><\/div><\/div><div class=\"w-separator size_small\"><\/div><div class=\"wpb_text_column\"><div class=\"wpb_wrapper\"><p><strong>CreditSuite estar\u00e1 presente una vez m\u00e1s en CreditWeek<\/strong>, el evento de referencia del sector crediticio en Italia, que se celebrar\u00e1 los d\u00edas <strong>5 y 6 de junio en el Palazzo del Ghiaccio de Mil\u00e1n<\/strong>.<\/p>\n<\/div><\/div><div class=\"w-separator size_small\"><\/div><div class=\"w-btn-wrapper align_none\"><a class=\"w-btn us-btn-style_1 icon_atleft\" href=\"https:\/\/creditsuite.eu\/es\/feria-del-credito-asociada-a-creditsuite-5-y-6-de-junio-de-2024\/\"><i class=\"fas fa-calendar-alt\"><\/i><span class=\"w-btn-label\">M\u00e1s informaci\u00f3n<\/span><\/a><\/div><\/div><\/div><div class=\"wpb_column vc_column_container\"><div class=\"vc_column-inner\"><h4 class=\"w-text us_custom_ab7a1a89 icon_atleft\"><span class=\"w-text-h\"><i class=\"fas fa-laptop\"><\/i><span class=\"w-text-value\">Buenas pr\u00e1cticas en materia de gobernanza crediticia<\/span><\/span><\/h4><div class=\"w-image has_ratio align_none\"><div class=\"w-image-h\"><div style=\"padding-bottom:100%\"><\/div><img decoding=\"async\" width=\"1024\" height=\"1024\" src=\"https:\/\/creditsuite.eu\/wp-content\/uploads\/2024\/01\/Best-practice-nel-governo-del-credito-1024x1024.png\" class=\"attachment-large size-large\" alt=\"Best practice nel governo del credito\" loading=\"lazy\" \/><\/div><\/div><div class=\"w-separator size_small\"><\/div><div class=\"wpb_text_column\"><div class=\"wpb_wrapper\"><p>Cu\u00e1les son los retos a los que se enfrentan las empresas del sector de Utilities y Servicios y c\u00f3mo la sinergia entre las competencias especializadas de los profesionales y las soluciones tecnol\u00f3gicas puede conducir a resultados sorprendentes en la gesti\u00f3n del cr\u00e9dito.<\/p>\n<\/div><\/div><div class=\"w-separator size_small\"><\/div><div class=\"w-btn-wrapper align_none\"><a class=\"w-btn us-btn-style_1 icon_atleft\" href=\"https:\/\/creditsuite.eu\/es\/webinar-buenas-practicas-en-la-gobernanza-del-credito\/\"><i class=\"fas fa-laptop\"><\/i><span class=\"w-btn-label\">Inscripci\u00f3n y diapositivas<\/span><\/a><\/div><\/div><\/div><div class=\"wpb_column vc_column_container\"><div class=\"vc_column-inner\"><h4 class=\"w-text us_custom_8831cfb0 icon_atleft\"><span class=\"w-text-h\"><i class=\"fas fa-laptop\"><\/i><span class=\"w-text-value\">Estrategias multidepartamentales en el cobro de deudas<\/span><\/span><\/h4><div class=\"w-image has_ratio align_none\"><div class=\"w-image-h\"><div style=\"padding-bottom:100%\"><\/div><img decoding=\"async\" width=\"1024\" height=\"1024\" src=\"https:\/\/creditsuite.eu\/wp-content\/uploads\/2023\/12\/Strategie-multi-dipartimentali-nel-recupero-dei-crediti--1024x1024.png\" class=\"attachment-large size-large\" alt=\"webinar Strategie multi dipartimentali nel recupero dei crediti\" loading=\"lazy\" \/><\/div><\/div><div class=\"w-separator size_small\"><\/div><div class=\"wpb_text_column\"><div class=\"wpb_wrapper\"><p>En este contexto, las tecnolog\u00edas digitales desempe\u00f1ar\u00e1n un papel clave en la operatividad y sostenibilidad de las empresas, con el cumplimiento de las normativas y directivas nacionales como herramienta fundamental.<\/p>\n<\/div><\/div><div class=\"w-separator size_small\"><\/div><div class=\"w-btn-wrapper align_none\"><a class=\"w-btn us-btn-style_1 icon_atleft\" href=\"https:\/\/youtu.be\/pNZ7ugxIT8A\" target=\"_blank\" rel=\"noopener\"><i class=\"fas fa-laptop\"><\/i><span class=\"w-btn-label\">Ver la grabaci\u00f3n<\/span><\/a><\/div><\/div><\/div><div class=\"wpb_column vc_column_container\"><div class=\"vc_column-inner\"><h4 class=\"w-text us_custom_8831cfb0 icon_atleft\"><span class=\"w-text-h\"><i class=\"fas fa-laptop\"><\/i><span class=\"w-text-value\">CreditSuite Presenta A It&#039;s All Energy &amp; Utility &#8211; 2023<\/span><\/span><\/h4><div class=\"w-image has_ratio align_none\"><div class=\"w-image-h\"><div style=\"padding-bottom:100%\"><\/div><img decoding=\"async\" width=\"1024\" height=\"1024\" src=\"https:\/\/creditsuite.eu\/wp-content\/uploads\/2023\/12\/unnamed-file-1024x1024.png\" class=\"attachment-large size-large\" alt=\"CreditSuite Presente A It\u2019s All Energy &amp; Utility \u2013 2023\" loading=\"lazy\" \/><\/div><\/div><div class=\"w-separator size_small\"><\/div><div class=\"wpb_text_column\"><div class=\"wpb_wrapper\"><p>It&#8217;s all about energy &amp; utilities &#8211; Mil\u00e1n: MICO 17 de octubre de 2023.<\/p>\n<p>El evento donde las Utilities se re\u00fanen, comparan, actualizan y debaten las oportunidades, retos y obst\u00e1culos actuales del sector.<\/p>\n<\/div><\/div><div class=\"w-separator size_small\"><\/div><div class=\"w-btn-wrapper align_none\"><a class=\"w-btn us-btn-style_1 icon_atleft\" href=\"https:\/\/creditsuite.eu\/es\/creditsuite-presente-en-its-all-energia-y-servicios-publicos-2023\/\"><i class=\"fas fa-calendar-alt\"><\/i><span class=\"w-btn-label\">M\u00e1s informaci\u00f3n<\/span><\/a><\/div><\/div><\/div><div class=\"wpb_column vc_column_container\"><div class=\"vc_column-inner\"><h4 class=\"w-text us_custom_8831cfb0 icon_atleft\"><span class=\"w-text-h\"><i class=\"fas fa-laptop\"><\/i><span class=\"w-text-value\">Estrategias y procesos digitales para el cobro de deudas<\/span><\/span><\/h4><div class=\"w-image has_ratio align_none\"><div class=\"w-image-h\"><div style=\"padding-bottom:100%\"><\/div><img decoding=\"async\" width=\"1024\" height=\"1024\" src=\"https:\/\/creditsuite.eu\/wp-content\/uploads\/2023\/08\/sito-credit-1024x1024.png\" class=\"attachment-large size-large\" alt=\"\" loading=\"lazy\" \/><\/div><\/div><div class=\"w-separator size_small\"><\/div><div class=\"wpb_text_column\"><div class=\"wpb_wrapper\"><p>La gesti\u00f3n digitalizada de los procesos en las distintas fases de recuperaci\u00f3n es el camino que deben seguir las empresas para afrontar los nuevos retos.<\/p>\n<\/div><\/div><div class=\"w-separator size_small\"><\/div><div class=\"w-btn-wrapper align_none\"><a class=\"w-btn us-btn-style_1 icon_atleft\" href=\"https:\/\/youtube.com\/live\/YAiJzWrdVps?feature=share\" target=\"_blank\" rel=\"noopener\"><i class=\"fas fa-laptop\"><\/i><span class=\"w-btn-label\">Ver la grabaci\u00f3n<\/span><\/a><\/div><\/div><\/div><div class=\"wpb_column vc_column_container\"><div class=\"vc_column-inner\"><h4 class=\"w-text us_custom_ab7a1a89 icon_atleft\"><span class=\"w-text-h\"><i class=\"fas fa-calendar-alt\"><\/i><span class=\"w-text-value\">CreditSuite presente en la Feria del Cr\u00e9dito &#8211; 23 y 24 de mayo de 2023<\/span><\/span><\/h4><div class=\"w-image has_ratio align_none\"><div class=\"w-image-h\"><div style=\"padding-bottom:100%\"><\/div><img decoding=\"async\" width=\"1024\" height=\"1024\" src=\"https:\/\/creditsuite.eu\/wp-content\/uploads\/2023\/08\/Banner-FieradelCredito-2023--1024x1024.png\" class=\"attachment-large size-large\" alt=\"\" loading=\"lazy\" \/><\/div><\/div><div class=\"w-separator size_small\"><\/div><div class=\"wpb_text_column\"><div class=\"wpb_wrapper\"><p><strong>CreditSuite<\/strong> ha elegido ser <strong>socio de<\/strong> la cuarta edici\u00f3n de la feria de cr\u00e9dito &#8216;SINERGIE&#8217;- que se celebrar\u00e1 los d\u00edas 23 y 24 de mayo de 2023 en Mil\u00e1n.<\/p>\n<\/div><\/div><div class=\"w-separator size_small\"><\/div><div class=\"w-btn-wrapper align_none\"><a class=\"w-btn us-btn-style_1 icon_atleft\" href=\"https:\/\/www.linkedin.com\/events\/creditsuitepresenteallafieradel7059897363087187968\/\" target=\"_blank\" rel=\"noopener\"><i class=\"fas fa-calendar-alt\"><\/i><span class=\"w-btn-label\">M\u00e1s informaci\u00f3n<\/span><\/a><\/div><\/div><\/div><\/div><\/div><\/section><section class=\"l-section wpb_row height_custom with_shape\"><div class=\"l-section-shape type_custom pos_top\" style=\"height:50%;color:var(--color-content-primary)\"><svg xmlns=\"http:\/\/www.w3.org\/2000\/svg\" viewBox=\"0 0 64 8\" preserveAspectRatio=\"none\" width=\"100%\" height=\"100%\">\r\n\t<path fill=\"currentColor\" d=\"M64 8 L0 8 L0 0 L64 0 Z\"\/>\r\n<\/svg><\/div><div class=\"l-section-h i-cf\"><div class=\"g-cols vc_row via_grid cols_1 laptops-cols_inherit tablets-cols_inherit mobiles-cols_1 valign_top type_default stacking_default\"><div class=\"wpb_column vc_column_container us_custom_d42c7dc6 us_animate_this has_bg_color\"><div class=\"vc_column-inner\"><h3 class=\"w-text us_custom_e22d6cb6\"><span class=\"w-text-h\"><span class=\"w-text-value\">No se pierda las novedades, \u00a1suscr\u00edbase a nuestro bolet\u00edn!<\/span><\/span><\/h3><div class=\"w-separator size_small\"><\/div><form class=\"w-form  us-field-style_1 layout_ver show_message_after_sending for_cform us_form_1\" action=\"https:\/\/creditsuite.eu\/es\/wp-json\/wp\/v2\/pages\/9254\" method=\"post\" style=\"--fields-gap:1.5rem\"><div class=\"w-form-h\"><div class=\"w-form-row for_text has_label required cols_3\">\r\n\t\t\t<div class=\"w-form-row-label\">\r\n\t\t\t<span>Nombre *<\/span>\r\n\t\t<\/div>\r\n\t\t<div class=\"w-form-row-field\">\r\n\t\t\t\t\t\t<input aria-label=\"Nombre\" type=\"text\" name=\"us_form_1_text_1\" value placeholder=\"Mario\" data-required=\"true\" aria-required=\"true\"\/>\r\n\t\t\t<\/div>\r\n\t\t<div class=\"w-form-row-state\">Rellena este campo<\/div>\r\n<\/div>\r\n<div class=\"w-form-row for_text has_label required cols_3\">\r\n\t\t\t<div class=\"w-form-row-label\">\r\n\t\t\t<span>Apellido *<\/span>\r\n\t\t<\/div>\r\n\t\t<div class=\"w-form-row-field\">\r\n\t\t\t\t\t\t<input aria-label=\"Apellido\" type=\"text\" name=\"us_form_1_text_2\" value placeholder=\"Rossi\" data-required=\"true\" aria-required=\"true\"\/>\r\n\t\t\t<\/div>\r\n\t\t<div class=\"w-form-row-state\">Rellena este campo<\/div>\r\n<\/div>\r\n<div class=\"w-form-row for_email has_label required cols_3\">\r\n\t\t\t<div class=\"w-form-row-label\">\r\n\t\t\t<span>Correo electr\u00f3nico *<\/span>\r\n\t\t<\/div>\r\n\t\t<div class=\"w-form-row-field\">\r\n\t\t\t\t\t\t<input aria-label=\"Correo electr\u00f3nico\" type=\"email\" name=\"us_form_1_email_1\" value placeholder=\"mail@domain.com\" data-required=\"true\" aria-required=\"true\"\/>\r\n\t\t\t<\/div>\r\n\t\t<div class=\"w-form-row-state\">Por favor, introduce una direcci\u00f3n de correo electr\u00f3nico v\u00e1lida.<\/div>\r\n<\/div>\r\n<div class=\"w-form-row for_agreement required\">\r\n\t\t<div class=\"w-form-row-field\">\r\n\t\t\t\t<label>\r\n\t\t\t<input type=\"checkbox\" value=\"1\" data-required=\"true\" aria-required=\"true\" name=\"us_form_1_agreement_1\"\/>\r\n\t\t\t<span>He le\u00eddo y acepto la Pol\u00edtica de privacidad *<\/span>\r\n\t\t<\/label>\r\n\t\t\t<\/div>\r\n\t\t<div class=\"w-form-row-state\">Tienes que aprobar los t\u00e9rminos para continuar<\/div>\r\n<\/div>\r\n<input type=\"hidden\" name=\"action\" value=\"us_ajax_cform\" \/>\r\n<input type=\"hidden\" name=\"post_id\" value=\"0\" \/>\r\n<input type=\"hidden\" name=\"form_index\" value=\"1\" \/>\r\n<div class=\"w-form-row for_submit default_align_none laptops_align_none tablets_align_none mobiles_align_justify\"><button class=\"w-btn us-btn-style_1\" type=\"submit\" aria-label=\"Enviar\"><span class=\"g-preloader type_1\"><\/span><span class=\"w-btn-label\">Enviar<\/span><\/button><\/div><\/div><div class=\"w-form-message\"><\/div><div class=\"w-form-json hidden\" onclick='return {&quot;ajaxurl&quot;:&quot;https:\\\/\\\/creditsuite.eu\\\/wp-admin\\\/admin-ajax.php&quot;,&quot;messages&quot;:{&quot;err_empty&quot;:&quot;Rellena este campo&quot;,&quot;err_size&quot;:&quot;El tama\\u00f1o del archivo no puede exceder %s MB&quot;,&quot;err_extension&quot;:&quot;El tipo de archivo %s no est\\u00e1 permitido&quot;,&quot;err_recaptcha_keys&quot;:&quot;Las claves de reCAPTCHA son incorrectas&quot;}}'><\/div><\/form><div class=\"w-separator size_small\"><\/div><div class=\"w-text\"><a href=\"https:\/\/creditsuite.eu\/es\/politica-de-privacidad\/\" class=\"w-text-h\"><span class=\"w-text-value\">*Aviso de privacidad<\/span><\/a><\/div><\/div><\/div><\/div><\/div><\/section>\n","protected":false},"excerpt":{"rendered":"Eventos y seminarios webMant\u00e9ngase al d\u00eda de los eventos y seminarios web de CreditSuiteLe proporcionamos asistencia y apoyo continuos para que saque el m\u00e1ximo partido de CreditSuiteEventosWebinarCreditSuite patrocina Credit Management Gas&amp;Power 18\/09\/25CreditSuite estar\u00e1 presente enel evento Gas&amp;Power Credit Management el 18 de septiembre de 2025 en el Starhotels Ritz, encu\u00e9ntranos en el stand n\u00famero 2....","protected":false},"author":1,"featured_media":0,"parent":0,"menu_order":0,"comment_status":"closed","ping_status":"closed","template":"","meta":{"two_page_speed":[],"footnotes":""},"class_list":["post-9254","page","type-page","status-publish","hentry"],"_links":{"self":[{"href":"https:\/\/creditsuite.eu\/es\/wp-json\/wp\/v2\/pages\/9254","targetHints":{"allow":["GET"]}}],"collection":[{"href":"https:\/\/creditsuite.eu\/es\/wp-json\/wp\/v2\/pages"}],"about":[{"href":"https:\/\/creditsuite.eu\/es\/wp-json\/wp\/v2\/types\/page"}],"author":[{"embeddable":true,"href":"https:\/\/creditsuite.eu\/es\/wp-json\/wp\/v2\/users\/1"}],"replies":[{"embeddable":true,"href":"https:\/\/creditsuite.eu\/es\/wp-json\/wp\/v2\/comments?post=9254"}],"version-history":[{"count":56,"href":"https:\/\/creditsuite.eu\/es\/wp-json\/wp\/v2\/pages\/9254\/revisions"}],"predecessor-version":[{"id":11822,"href":"https:\/\/creditsuite.eu\/es\/wp-json\/wp\/v2\/pages\/9254\/revisions\/11822"}],"wp:attachment":[{"href":"https:\/\/creditsuite.eu\/es\/wp-json\/wp\/v2\/media?parent=9254"}],"curies":[{"name":"wp","href":"https:\/\/api.w.org\/{rel}","templated":true}]}}