{"id":9264,"date":"2023-07-31T16:50:19","date_gmt":"2023-07-31T14:50:19","guid":{"rendered":"https:\/\/creditsuite.eu\/certificaciones\/"},"modified":"2025-07-08T15:49:13","modified_gmt":"2025-07-08T13:49:13","slug":"certificaciones","status":"publish","type":"page","link":"https:\/\/creditsuite.eu\/es\/certificaciones\/","title":{"rendered":"Certificaciones"},"content":{"rendered":"<section class=\"l-section wpb_row height_small color_alternate with_shape\"><div class=\"l-section-shape type_triangle-2 pos_bottom\" style=\"height:6vh;\"><svg xmlns=\"http:\/\/www.w3.org\/2000\/svg\" viewBox=\"0 0 64 8\" preserveAspectRatio=\"none\" width=\"100%\" height=\"100%\">\r\n\t<path fill=\"currentColor\" d=\"M64 8 L0 8 L0 0 L48 7.9 L64 0 Z\"\/>\r\n<\/svg><\/div><div class=\"l-section-h i-cf\"><div class=\"g-cols vc_row via_grid cols_1 laptops-cols_inherit tablets-cols_1 mobiles-cols_1 valign_top type_default stacking_default\" style=\"--columns-gap:0rem;\"><div class=\"wpb_column vc_column_container\"><div class=\"vc_column-inner\"><h1 class=\"w-text us_custom_eb849559\"><span class=\"w-text-h\"><span class=\"w-text-value\">Certificaciones<\/span><\/span><\/h1><div class=\"w-iconbox iconpos_top style_default color_custom align_center no_text no_title\"><div class=\"w-iconbox-icon\" style=\"font-size:3rem;--icon-color:#ffffff;\"><i class=\"far fa-chevron-down\"><\/i><\/div><div class=\"w-iconbox-meta\"><\/div><\/div><\/div><\/div><\/div><\/div><\/section><section class=\"l-section wpb_row height_custom\"><div class=\"l-section-h i-cf\"><div class=\"g-cols vc_row via_grid cols_1 laptops-cols_inherit tablets-cols_inherit mobiles-cols_1 valign_top type_default stacking_default\"><div class=\"wpb_column vc_column_container\"><div class=\"vc_column-inner\"><h2 class=\"w-text us_custom_064d3121\"><span class=\"w-text-h\"><span class=\"w-text-value\">Garantizamos altos niveles de calidad y seguridad<\/span><\/span><\/h2><div class=\"w-separator us_custom_3dba30f2 size_custom with_line width_default thick_3 style_solid color_primary align_center\" style=\"height:\"><div class=\"w-separator-h\"><\/div><\/div><div class=\"wpb_text_column us_custom_f67181a4\"><div class=\"wpb_wrapper\"><div id=\"av_section_2\" class=\"avia-section av-ipvkik-1058998dfcba1dbd61c27bd3024d11c1 main_color avia-section-default avia-no-border-styling avia-builder-el-3 el_after_av_section el_before_av_one_fourth avia-bg-style-scroll container_wrap fullsize\">\n<div class=\"container av-section-cont-open\">\n<div class=\"template-page content av-content-full alpha units\">\n<div class=\"post-entry post-entry-type-page post-entry-6871\">\n<div class=\"entry-content-wrapper clearfix\">\n<div class=\"flex_column av-1lckgc-f97732fb117c804120a7c5e2a6245eeb av_one_full avia-builder-el-4 avia-builder-el-no-sibling first flex_column_div av-zero-column-padding \">\n<section class=\"av_textblock_section av-k5cehn1h-5cca25cf31b8957009fd94b9d2bbf74c \">\n<div class=\"avia_textblock\">\n<p style=\"text-align: left;\">Gracias a nuestra experiencia, hemos consolidado procedimientos y obtenido certificaciones, que nos permiten prestar excelentes servicios a nuestros clientes tanto directamente como a trav\u00e9s de nuestros Ecosistemas.<\/p>\n<\/div>\n<\/section>\n<\/div>\n<\/div>\n<\/div>\n<\/div>\n<\/div>\n<\/div>\n<div id=\"after_section_2\" class=\"main_color av_default_container_wrap container_wrap fullsize\">\n<div class=\"container av-section-cont-open\">\n<div class=\"template-page content av-content-full alpha units\">\n<div class=\"post-entry post-entry-type-page post-entry-6871\">\n<div class=\"entry-content-wrapper clearfix\">\n<div class=\"flex_column av-ndyi53-048162979977877e7c603854edff4ad0 av_one_fourth avia-builder-el-8 el_after_av_section el_before_av_one_fourth avia-builder-el-first first flex_column_div av-zero-column-padding \">\n<div class=\"avia-image-container av-lxqcyf-e8a64249465f8c54a152039c670e9e38 av-styling- avia-align-center avia-builder-el-9 avia-builder-el-no-sibling \">\n<div class=\"avia-image-container-inner\"><\/div>\n<\/div>\n<\/div>\n<\/div>\n<\/div>\n<\/div>\n<\/div>\n<\/div>\n<\/div><\/div><div class=\"w-separator size_custom\" style=\"height:20px\"><\/div><div class=\"g-cols wpb_row via_grid cols_4 laptops-cols_inherit tablets-cols_2 mobiles-cols_1 valign_top type_default stacking_default\" style=\"--columns-gap:1.8rem;\"><div class=\"wpb_column vc_column_container\"><div class=\"vc_column-inner\"><div class=\"w-image us_custom_7e20fa79 us_animate_this has_ratio align_none\"><a href=\"https:\/\/www.digitalsuite.eu\/certificazione-iso9001\/\" aria-label=\"bm-trada\" class=\"w-image-h\" target=\"_blank\" rel=\"noopener\"><div style=\"padding-bottom:100%\"><\/div><img fetchpriority=\"high\" decoding=\"async\" width=\"450\" height=\"450\" src=\"https:\/\/creditsuite.eu\/wp-content\/uploads\/2023\/09\/bm-trada.png\" class=\"attachment-full size-full\" alt=\"certificazione bm-trada iso 9001\" loading=\"eager\" \/><\/a><\/div><div class=\"w-separator size_small\"><\/div><\/div><\/div><div class=\"wpb_column vc_column_container\"><div class=\"vc_column-inner\"><div class=\"w-image us_custom_7e20fa79 us_animate_this has_ratio align_none\"><a href=\"https:\/\/www.digitalsuite.eu\/codice-etico-file\/\" aria-label=\"the-ethical code\" class=\"w-image-h\" target=\"_blank\" rel=\"noopener\"><div style=\"padding-bottom:100%\"><\/div><img decoding=\"async\" width=\"450\" height=\"450\" src=\"https:\/\/creditsuite.eu\/wp-content\/uploads\/2023\/09\/the-ethical-code.png\" class=\"attachment-full size-full\" alt=\"Certificazione the-ethical code\" loading=\"eager\" \/><\/a><\/div><div class=\"w-separator size_small\"><\/div><\/div><\/div><div class=\"wpb_column vc_column_container\"><div class=\"vc_column-inner\"><div class=\"w-image us_custom_47474b22 us_animate_this has_ratio align_none\"><a href=\"https:\/\/www.digitalsuite.eu\/gdpr\/\" aria-label=\"gdpr\" class=\"w-image-h\" target=\"_blank\" rel=\"noopener\"><div style=\"padding-bottom:100%\"><\/div><img decoding=\"async\" width=\"450\" height=\"450\" src=\"https:\/\/creditsuite.eu\/wp-content\/uploads\/2023\/09\/gdpr.png\" class=\"attachment-full size-full\" alt=\"certificazione bm-trada iso 9001\" loading=\"eager\" \/><\/a><\/div><div class=\"w-separator size_small\"><\/div><\/div><\/div><div class=\"wpb_column vc_column_container\"><div class=\"vc_column-inner\"><div class=\"w-image us_custom_47474b22 us_animate_this has_ratio align_none\"><a href=\"https:\/\/cloudsecurityalliance.org\/star\/registry\/digitalsuite-italia-s-r-l\" aria-label=\"csa\" class=\"w-image-h\" target=\"_blank\" rel=\"noopener\"><div style=\"padding-bottom:100%\"><\/div><img decoding=\"async\" width=\"450\" height=\"450\" src=\"https:\/\/creditsuite.eu\/wp-content\/uploads\/2023\/09\/csa.png\" class=\"attachment-full size-full\" alt=\"certificazione csa\" loading=\"eager\" \/><\/a><\/div><div class=\"w-separator size_small\"><\/div><\/div><\/div><\/div><\/div><\/div><\/div><\/div><\/section><section class=\"l-section wpb_row height_custom with_shape\"><div class=\"l-section-overlay\" style=\"background:#f5f5f5\"><\/div><div class=\"l-section-shape type_triangle-2-inv pos_bottom\" style=\"height:5vmin;\"><svg xmlns=\"http:\/\/www.w3.org\/2000\/svg\" viewBox=\"0 0 64 8\" preserveAspectRatio=\"none\" width=\"100%\" height=\"100%\">\r\n\t<path fill=\"currentColor\" d=\"M64 9 L0 9 L0 7.9 L48 0 L64 7.9 Z\"\/>\r\n<\/svg><\/div><div class=\"l-section-h i-cf\"><div class=\"g-cols vc_row via_grid cols_1 laptops-cols_inherit tablets-cols_inherit mobiles-cols_1 valign_top type_default stacking_default\"><div class=\"wpb_column vc_column_container\"><div class=\"vc_column-inner\"><h2 class=\"w-text us_custom_064d3121\"><span class=\"w-text-h\"><span class=\"w-text-value\">Cualificaciones para el mercado en nube ACN de AGID<\/span><\/span><\/h2><div class=\"w-separator us_custom_3dba30f2 size_custom with_line width_default thick_3 style_solid color_primary align_center\" style=\"height:\"><div class=\"w-separator-h\"><\/div><\/div><div class=\"wpb_text_column us_custom_f67181a4\"><div class=\"wpb_wrapper\"><div id=\"av_section_2\" class=\"avia-section av-ipvkik-1058998dfcba1dbd61c27bd3024d11c1 main_color avia-section-default avia-no-border-styling avia-builder-el-3 el_after_av_section el_before_av_one_fourth avia-bg-style-scroll container_wrap fullsize\">\n<div class=\"container av-section-cont-open\">\n<div class=\"template-page content av-content-full alpha units\">\n<div class=\"post-entry post-entry-type-page post-entry-6871\">\n<div class=\"entry-content-wrapper clearfix\">\n<div class=\"flex_column av-1lckgc-f97732fb117c804120a7c5e2a6245eeb av_one_full avia-builder-el-4 avia-builder-el-no-sibling first flex_column_div av-zero-column-padding \">\n<section class=\"av_textblock_section av-k5cehn1h-5cca25cf31b8957009fd94b9d2bbf74c \">\n<div class=\"avia_textblock\">\n<div class=\"av-special-heading av-lhiz7w07-78a4517abf6de704bf5679f55668a572 av-special-heading-h2 blockquote modern-quote avia-builder-el-18 el_after_av_hr el_before_av_hr av-inherit-size\">\n<div class=\"av-subheading av-subheading_below\">\n<p>El Cloud Marketplace es la plataforma nacional que muestra los servicios e infraestructuras calificados por ACN de acuerdo con las disposiciones del Decreto Director prot. N\u00ba 29 de 02\/01\/2023. Dentro de Cloud Marketplace, es posible consultar las fichas t\u00e9cnicas de cada Suite certificada destacando el tipo de servicio y su nivel de cualificaci\u00f3n.<\/p>\n<\/div>\n<\/div>\n<\/div>\n<\/section>\n<\/div>\n<\/div>\n<\/div>\n<\/div>\n<\/div>\n<\/div>\n<\/div><\/div><div class=\"w-separator size_custom\" style=\"height:20px\"><\/div><div class=\"g-cols wpb_row via_grid cols_3 laptops-cols_inherit tablets-cols_2 mobiles-cols_1 valign_top type_default stacking_default\" style=\"--columns-gap:1.8rem;\"><div class=\"wpb_column vc_column_container\"><div class=\"vc_column-inner\"><div class=\"w-image us_custom_b6355cd2 us_animate_this has_ratio align_none\"><a href=\"https:\/\/catalogocloud.acn.gov.it\/service\/1699\" aria-label=\"Logo software\" class=\"w-image-h\" target=\"_blank\" rel=\"noopener\"><div style=\"padding-bottom:22.5352%\"><\/div><img decoding=\"async\" width=\"1024\" height=\"236\" src=\"https:\/\/creditsuite.eu\/wp-content\/uploads\/2023\/08\/CreditSuite_Logo-1024x236.png\" class=\"attachment-large size-large\" alt=\"Logo software CreditSuite\" loading=\"eager\" \/><\/a><\/div><div class=\"w-separator size_small\"><\/div><div class=\"w-text us_custom_ab1aefc1 us_animate_this\"><span class=\"w-text-h\"><span class=\"w-text-value\">SA &#8211; 1699<\/span><\/span><\/div><\/div><\/div><div class=\"wpb_column vc_column_container\"><div class=\"vc_column-inner\"><div class=\"w-image us_custom_b6355cd2 us_animate_this has_ratio align_none\"><a target=\"_blank\" href=\"https:\/\/catalogocloud.acn.gov.it\/service\/1780\" aria-label=\"Logo software\" class=\"w-image-h\" rel=\"noopener\"><div style=\"padding-bottom:22.5352%\"><\/div><img decoding=\"async\" width=\"1024\" height=\"249\" src=\"https:\/\/creditsuite.eu\/wp-content\/uploads\/2023\/08\/Logo_PoliceSuite-1024x249.png\" class=\"attachment-large size-large\" alt=\"Logo software PoliceSuite\" loading=\"eager\" \/><\/a><\/div><div class=\"w-separator size_small\"><\/div><div class=\"w-text us_custom_ab1aefc1 us_animate_this\"><span class=\"w-text-h\"><span class=\"w-text-value\">SA &#8211; 1780<\/span><\/span><\/div><\/div><\/div><div class=\"wpb_column vc_column_container\"><div class=\"vc_column-inner\"><div class=\"w-image us_custom_b6355cd2 us_animate_this has_ratio align_none\"><a target=\"_blank\" href=\"https:\/\/catalogocloud.acn.gov.it\/service\/1762\" aria-label=\"TaxSuite_Logo\" class=\"w-image-h\" rel=\"noopener\"><div style=\"padding-bottom:22.5352%\"><\/div><img decoding=\"async\" width=\"1024\" height=\"286\" src=\"https:\/\/creditsuite.eu\/wp-content\/uploads\/2023\/08\/TaxSuite_Logo-1024x286.png\" class=\"attachment-large size-large\" alt=\"Logo software TaxSuite\" loading=\"eager\" \/><\/a><\/div><div class=\"w-separator size_small\"><\/div><div class=\"w-text us_custom_ab1aefc1 us_animate_this\"><span class=\"w-text-h\"><span class=\"w-text-value\">SA &#8211; 1762<\/span><\/span><\/div><\/div><\/div><\/div><\/div><\/div><\/div><\/div><\/section><section class=\"l-section wpb_row height_custom\"><div class=\"l-section-h i-cf\"><div class=\"g-cols vc_row via_grid cols_1 laptops-cols_inherit tablets-cols_inherit mobiles-cols_1 valign_top type_default stacking_default\"><div class=\"wpb_column vc_column_container\"><div class=\"vc_column-inner\"><h2 class=\"w-text us_custom_064d3121\"><span class=\"w-text-h\"><span class=\"w-text-value\">Centro de datos<\/span><\/span><\/h2><div class=\"w-separator us_custom_3dba30f2 size_custom with_line width_default thick_3 style_solid color_primary align_center\" style=\"height:\"><div class=\"w-separator-h\"><\/div><\/div><div class=\"wpb_text_column us_custom_d0d20bfc us_animate_this\"><div class=\"wpb_wrapper\"><div id=\"av_section_2\" class=\"avia-section av-ipvkik-1058998dfcba1dbd61c27bd3024d11c1 main_color avia-section-default avia-no-border-styling avia-builder-el-3 el_after_av_section el_before_av_one_fourth avia-bg-style-scroll container_wrap fullsize\">\n<div class=\"container av-section-cont-open\">\n<div class=\"template-page content av-content-full alpha units\">\n<div class=\"post-entry post-entry-type-page post-entry-6871\">\n<div class=\"entry-content-wrapper clearfix\">\n<div class=\"flex_column av-1lckgc-f97732fb117c804120a7c5e2a6245eeb av_one_full avia-builder-el-4 avia-builder-el-no-sibling first flex_column_div av-zero-column-padding \">\n<section class=\"av_textblock_section av-k5cehn1h-5cca25cf31b8957009fd94b9d2bbf74c \">\n<div class=\"avia_textblock\">\n<div class=\"av-special-heading av-lhiz7w07-78a4517abf6de704bf5679f55668a572 av-special-heading-h2 blockquote modern-quote avia-builder-el-18 el_after_av_hr el_before_av_hr av-inherit-size\">\n<div class=\"av-subheading av-subheading_below\">\n<section class=\"av_textblock_section av-knt2siir-0508a389e3a5740cbbf4adda2c52c40b \">\n<div class=\"avia_textblock\">\n<p>THE PA CLOUD | ISO 27001 | ISO 14001:2015 | ISO 20000-1 | ISO 50001 | CE 2.0 MEF CERTIFIED<\/p>\n<\/div>\n<\/section>\n<\/div>\n<\/div>\n<\/div>\n<\/section>\n<\/div>\n<\/div>\n<\/div>\n<\/div>\n<\/div>\n<\/div>\n<\/div><\/div><\/div><\/div><\/div><\/div><\/section><section class=\"l-section wpb_row height_custom with_shape\"><div class=\"l-section-overlay\" style=\"background:#f5f5f5\"><\/div><div class=\"l-section-shape type_triangle-2 pos_top\" style=\"height:5vmin;\"><svg xmlns=\"http:\/\/www.w3.org\/2000\/svg\" viewBox=\"0 0 64 8\" preserveAspectRatio=\"none\" width=\"100%\" height=\"100%\">\r\n\t<path fill=\"currentColor\" d=\"M64 8 L0 8 L0 0 L48 7.9 L64 0 Z\"\/>\r\n<\/svg><\/div><div class=\"l-section-h i-cf\"><div class=\"g-cols vc_row via_grid cols_1 laptops-cols_inherit tablets-cols_1 mobiles-cols_1 valign_top type_default stacking_default\" style=\"--columns-gap:0rem;\"><div class=\"wpb_column vc_column_container\"><div class=\"vc_column-inner\"><h2 class=\"w-text us_custom_064d3121\"><span class=\"w-text-h\"><span class=\"w-text-value\">Certificaciones<\/span><\/span><\/h2><div class=\"w-separator us_custom_3dba30f2 size_custom with_line width_default thick_3 style_solid color_primary align_center\" style=\"height:\"><div class=\"w-separator-h\"><\/div><\/div><div class=\"w-separator size_small\"><\/div><div class=\"w-tabs us_custom_f37b25c6 layout_ver navwidth_auto navpos_left style_trendy switch_click has_scrolling remove_indents\" style=\"--sections-title-size:1.5rem\"><div class=\"w-tabs-list items_4 align_none\" style=\"font-weight:600;line-height:1;\"><div class=\"w-tabs-list-h\"><button class=\"w-tabs-item active with_icon\" aria-controls=\"content-g0c6\" aria-expanded=\"false\"><i class=\"fas fa-file-alt\"><\/i><span class=\"w-tabs-item-title\">Certificaci\u00f3n Iso9001<\/span><\/button><button class=\"w-tabs-item with_icon\" aria-controls=\"content-r2db\" aria-expanded=\"false\"><i class=\"fas fa-file-alt\"><\/i><span class=\"w-tabs-item-title\">C\u00f3digo \u00e9tico<\/span><\/button><button class=\"w-tabs-item with_icon\" aria-controls=\"content-a471\" aria-expanded=\"false\"><i class=\"fas fa-file-alt\"><\/i><span class=\"w-tabs-item-title\">GDPR<\/span><\/button><button class=\"w-tabs-item with_icon\" aria-controls=\"content-r61b\" aria-expanded=\"false\"><i class=\"fas fa-file-alt\"><\/i><span class=\"w-tabs-item-title\">CSA STAR CAIQ (enlace directo)<\/span><\/button><\/div><\/div><div class=\"w-tabs-sections titles-align_none icon_chevron cpos_right\"><div class=\"w-tabs-section active\" id=\"g0c6\"><button class=\"w-tabs-section-header active with_icon\" aria-controls=\"content-g0c6\" aria-expanded=\"true\"><i class=\"fas fa-file-alt\"><\/i><h3 class=\"w-tabs-section-title\">Certificaci\u00f3n Iso9001<\/h3><div class=\"w-tabs-section-control\"><\/div><\/button><div  class=\"w-tabs-section-content\" id=\"content-g0c6\"><div class=\"w-tabs-section-content-h i-cf\"><div class=\"wpb_text_column us_custom_933613eb\"><div class=\"wpb_wrapper\"><p>Ver certificaci\u00f3n <a href=\"https:\/\/www.digitalsuite.eu\/certificazione-iso9001\/\" target=\"_blank\" rel=\"noopener\">AQU\u00cd<\/a><\/p>\n<\/div><\/div><\/div><\/div><\/div><div class=\"w-tabs-section\" id=\"r2db\"><button class=\"w-tabs-section-header with_icon\" aria-controls=\"content-r2db\" aria-expanded=\"false\"><i class=\"fas fa-file-alt\"><\/i><h3 class=\"w-tabs-section-title\">C\u00f3digo \u00e9tico<\/h3><div class=\"w-tabs-section-control\"><\/div><\/button><div  class=\"w-tabs-section-content\" id=\"content-r2db\"><div class=\"w-tabs-section-content-h i-cf\"><div class=\"wpb_text_column us_custom_933613eb\"><div class=\"wpb_wrapper\"><p>Consulte el C\u00f3digo \u00c9tico <a href=\"https:\/\/www.digitalsuite.eu\/codice-etico-file\/\" target=\"_blank\" rel=\"noopener\">AQU\u00cd<\/a><\/p>\n<\/div><\/div><\/div><\/div><\/div><div class=\"w-tabs-section\" id=\"a471\"><button class=\"w-tabs-section-header with_icon\" aria-controls=\"content-a471\" aria-expanded=\"false\"><i class=\"fas fa-file-alt\"><\/i><h3 class=\"w-tabs-section-title\">GDPR<\/h3><div class=\"w-tabs-section-control\"><\/div><\/button><div  class=\"w-tabs-section-content\" id=\"content-a471\"><div class=\"w-tabs-section-content-h i-cf\"><div class=\"wpb_text_column us_custom_933613eb\"><div class=\"wpb_wrapper\"><p>Consulte el GDPR <a href=\"https:\/\/www.digitalsuite.eu\/gdpr\/\" target=\"_blank\" rel=\"noopener\">AQU\u00cd<\/a><\/p>\n<\/div><\/div><\/div><\/div><\/div><div class=\"w-tabs-section\" id=\"r61b\"><button class=\"w-tabs-section-header with_icon\" aria-controls=\"content-r61b\" aria-expanded=\"false\"><i class=\"fas fa-file-alt\"><\/i><h3 class=\"w-tabs-section-title\">CSA STAR CAIQ (enlace directo)<\/h3><div class=\"w-tabs-section-control\"><\/div><\/button><div  class=\"w-tabs-section-content\" id=\"content-r61b\"><div class=\"w-tabs-section-content-h i-cf\"><div class=\"wpb_text_column us_custom_933613eb\"><div class=\"wpb_wrapper\"><p>Consulte el CSA STAR CAIQ en el enlace directo <a href=\"https:\/\/cloudsecurityalliance.org\/star\/registry\/digitalsuite-italia-s-r-l\" target=\"_blank\" rel=\"noopener\">AQU\u00cd<\/a><\/p>\n<\/div><\/div><\/div><\/div><\/div><\/div><\/div><div class=\"w-separator size_medium\"><\/div><\/div><\/div><\/div><\/div><\/section><section class=\"l-section wpb_row height_custom width_custom color_footer-bottom\" style=\"--site-content-width:800px;\"><div class=\"l-section-h i-cf\"><div class=\"g-cols vc_row via_grid cols_1 laptops-cols_inherit tablets-cols_inherit mobiles-cols_1 valign_top type_default stacking_default\"><div class=\"wpb_column vc_column_container\"><div class=\"vc_column-inner\"><div class=\"w-socials us_custom_7a5e7306 us_animate_this color_link shape_none\" style=\"--gap:0.5em;\"><div class=\"w-socials-list\"><div class=\"w-socials-item linkedin\"><a target=\"_blank\" rel=\"nofollow noopener\" href=\"https:\/\/www.linkedin.com\/showcase\/creditsuite-italia\/\" class=\"w-socials-item-link\" aria-label=\"LinkedIn\"><span class=\"w-socials-item-link-hover\"><\/span><i class=\"fab fa-linkedin\"><\/i><\/a><div class=\"w-socials-item-popup\"><span>LinkedIn<\/span><\/div><\/div><div class=\"w-socials-item youtube\"><a target=\"_blank\" rel=\"nofollow noopener\" href=\"https:\/\/youtube.com\/@digitalsuite\" class=\"w-socials-item-link\" aria-label=\"YouTube\"><span class=\"w-socials-item-link-hover\"><\/span><i class=\"fab fa-youtube\"><\/i><\/a><div class=\"w-socials-item-popup\"><span>YouTube<\/span><\/div><\/div><div class=\"w-socials-item twitter\"><a target=\"_blank\" rel=\"nofollow noopener\" href=\"https:\/\/twitter.com\/Digitalsuiteit\" class=\"w-socials-item-link\" aria-label=\"X\"><span class=\"w-socials-item-link-hover\"><\/span><i class=\"fab fa-x-twitter\"><svg style=\"width:1em; margin-bottom:-.1em;\" xmlns=\"http:\/\/www.w3.org\/2000\/svg\" viewBox=\"0 0 512 512\" role=\"presentation\"><path fill=\"currentColor\" d=\"M389.2 48h70.6L305.6 224.2 487 464H345L233.7 318.6 106.5 464H35.8L200.7 275.5 26.8 48H172.4L272.9 180.9 389.2 48zM364.4 421.8h39.1L151.1 88h-42L364.4 421.8z\"\/><\/svg><\/i><\/a><div class=\"w-socials-item-popup\"><span>X<\/span><\/div><\/div><div class=\"w-socials-item pinterest\"><a target=\"_blank\" rel=\"nofollow noopener\" href=\"https:\/\/www.pinterest.it\/digitalsuiteitalia\/\" class=\"w-socials-item-link\" aria-label=\"Pinterest\"><span class=\"w-socials-item-link-hover\"><\/span><i class=\"fab fa-pinterest\"><\/i><\/a><div class=\"w-socials-item-popup\"><span>Pinterest<\/span><\/div><\/div><\/div><\/div><div class=\"w-separator size_small\"><\/div><div class=\"wpb_text_column\"><div class=\"wpb_wrapper\"><h3 style=\"text-align: center;\">Mant\u00e9ngase al d\u00eda de las novedades y s\u00edganos en las redes sociales.<\/h3>\n<\/div><\/div><div class=\"w-separator size_small\"><\/div><div class=\"w-hwrapper valign_top wrap align_center\" style=\"--hwrapper-gap:2rem\"><h4 class=\"w-text\"><a href=\"mailto:team@creditsuite.it\" class=\"w-text-h\"><span class=\"w-text-value\">team@creditsuite.it<\/span><\/a><\/h4><\/div><\/div><\/div><\/div><\/div><\/section>\n","protected":false},"excerpt":{"rendered":"CertificacionesGarantizamos altos niveles de calidad y seguridad Gracias a nuestra experiencia, hemos consolidado procedimientos y obtenido certificaciones, que nos permiten prestar excelentes servicios a nuestros clientes tanto directamente como a trav\u00e9s de nuestros Ecosistemas. Cualificaciones para el mercado en nube ACN de AGID El Cloud Marketplace es la plataforma nacional que muestra los servicios e...","protected":false},"author":1,"featured_media":0,"parent":0,"menu_order":0,"comment_status":"closed","ping_status":"closed","template":"","meta":{"two_page_speed":[],"footnotes":""},"class_list":["post-9264","page","type-page","status-publish","hentry"],"_links":{"self":[{"href":"https:\/\/creditsuite.eu\/es\/wp-json\/wp\/v2\/pages\/9264","targetHints":{"allow":["GET"]}}],"collection":[{"href":"https:\/\/creditsuite.eu\/es\/wp-json\/wp\/v2\/pages"}],"about":[{"href":"https:\/\/creditsuite.eu\/es\/wp-json\/wp\/v2\/types\/page"}],"author":[{"embeddable":true,"href":"https:\/\/creditsuite.eu\/es\/wp-json\/wp\/v2\/users\/1"}],"replies":[{"embeddable":true,"href":"https:\/\/creditsuite.eu\/es\/wp-json\/wp\/v2\/comments?post=9264"}],"version-history":[{"count":23,"href":"https:\/\/creditsuite.eu\/es\/wp-json\/wp\/v2\/pages\/9264\/revisions"}],"predecessor-version":[{"id":11556,"href":"https:\/\/creditsuite.eu\/es\/wp-json\/wp\/v2\/pages\/9264\/revisions\/11556"}],"wp:attachment":[{"href":"https:\/\/creditsuite.eu\/es\/wp-json\/wp\/v2\/media?parent=9264"}],"curies":[{"name":"wp","href":"https:\/\/api.w.org\/{rel}","templated":true}]}}