{"id":9905,"date":"2023-09-19T17:51:07","date_gmt":"2023-09-19T15:51:07","guid":{"rendered":"https:\/\/creditsuite.eu\/aplicacion-movil-creditsuite\/"},"modified":"2025-07-08T12:11:28","modified_gmt":"2025-07-08T10:11:28","slug":"aplicacion-movil-creditsuite","status":"publish","type":"page","link":"https:\/\/creditsuite.eu\/es\/aplicacion-movil-creditsuite\/","title":{"rendered":"Aplicaci\u00f3n m\u00f3vil CreditSuite"},"content":{"rendered":"<section class=\"l-section wpb_row height_small color_alternate with_shape\"><div class=\"l-section-shape type_triangle-2 pos_bottom\" style=\"height:6vh;\"><svg xmlns=\"http:\/\/www.w3.org\/2000\/svg\" viewBox=\"0 0 64 8\" preserveAspectRatio=\"none\" width=\"100%\" height=\"100%\">\r\n\t<path fill=\"currentColor\" d=\"M64 8 L0 8 L0 0 L48 7.9 L64 0 Z\"\/>\r\n<\/svg><\/div><div class=\"l-section-h i-cf\"><div class=\"g-cols vc_row via_grid cols_1 laptops-cols_inherit tablets-cols_1 mobiles-cols_1 valign_top type_default stacking_default\" style=\"--columns-gap:0rem;\"><div class=\"wpb_column vc_column_container\"><div class=\"vc_column-inner\"><h1 class=\"w-text us_custom_eb849559\"><span class=\"w-text-h\"><span class=\"w-text-value\">Aplicaci\u00f3n m\u00f3vil  <\/span><\/span><\/h1><div class=\"w-iconbox iconpos_top style_default color_custom align_center no_text no_title\"><div class=\"w-iconbox-icon\" style=\"font-size:3rem;--icon-color:#ffffff;\"><i class=\"far fa-chevron-down\"><\/i><\/div><div class=\"w-iconbox-meta\"><\/div><\/div><\/div><\/div><\/div><\/div><\/section><section class=\"l-section wpb_row height_small with_shape\"><div class=\"l-section-overlay\" style=\"background:#f5f5f5\"><\/div><div class=\"l-section-shape type_triangle-2-inv pos_top\" style=\"height:5vmin;\"><svg xmlns=\"http:\/\/www.w3.org\/2000\/svg\" viewBox=\"0 0 64 8\" preserveAspectRatio=\"none\" width=\"100%\" height=\"100%\">\r\n\t<path fill=\"currentColor\" d=\"M64 9 L0 9 L0 7.9 L48 0 L64 7.9 Z\"\/>\r\n<\/svg><\/div><div class=\"l-section-h i-cf\"><div class=\"g-cols vc_row via_grid cols_1 laptops-cols_inherit tablets-cols_inherit mobiles-cols_1 valign_top type_default stacking_default\"><div class=\"wpb_column vc_column_container\"><div class=\"vc_column-inner\"><h2 class=\"w-text us_custom_23f54fc8\"><span class=\"w-text-h\"><span class=\"w-text-value\">Al servicio del cliente<\/span><\/span><\/h2><div class=\"w-separator size_small\"><\/div><div class=\"g-cols wpb_row via_grid cols_2 laptops-cols_inherit tablets-cols_2 mobiles-cols_1 valign_top type_default stacking_default\" style=\"--columns-gap:3rem;\"><div class=\"wpb_column vc_column_container\"><div class=\"vc_column-inner\"><div class=\"w-image us_custom_7e20fa79 us_animate_this style_shadow-2 has_ratio align_none\"><div class=\"w-image-h\"><div style=\"padding-bottom:66.6667%\"><\/div><div class=\"w-image-shadow\" style=\"background-image:url(https:\/\/creditsuite.eu\/wp-content\/uploads\/2023\/09\/CreditSuite-Mobile-App-1-1-1024x1024.png);\"><\/div><img fetchpriority=\"high\" decoding=\"async\" width=\"1024\" height=\"1024\" src=\"https:\/\/creditsuite.eu\/wp-content\/uploads\/2023\/09\/CreditSuite-Mobile-App-1-1-1024x1024.png\" class=\"attachment-large size-large\" alt=\"CreditSuite Mobile App (1) (1)\" loading=\"eager\" \/><\/div><\/div><\/div><\/div><div class=\"wpb_column vc_column_container\"><div class=\"vc_column-inner\"><div class=\"wpb_text_column us_custom_2e7058ed us_animate_this\"><div class=\"wpb_wrapper\"><p><b>CREDITSUITE <\/b><sup>\u00ae<\/sup> <strong>mobile<\/strong> APP es la APP de la suite dise\u00f1ada para satisfacer las necesidades de compartir informaci\u00f3n con el cliente final.<\/p>\n<p>El servicio utiliza las \u00faltimas tecnolog\u00edas <strong>en la nube<\/strong> para garantizar la seguridad de los datos y la prestaci\u00f3n de servicios en tiempo real de los pasos de la gesti\u00f3n del cr\u00e9dito.<\/p>\n<p>Est\u00e1 disponible de forma nativa en sistemas <strong>Android<\/strong> e <strong>IOS<\/strong>, pero tambi\u00e9n explota las l\u00f3gicas <strong>WEB<\/strong> APP y <strong>Progressive Web APP<\/strong> para permitir una usabilidad ilimitada.<\/p>\n<p>Permite seguir todo el ciclo de gesti\u00f3n del cr\u00e9dito, desde el intercambio de contratos firmados hasta la programaci\u00f3n, la gesti\u00f3n de vencimientos, pagos, env\u00edo de recordatorios, plazos y comunicaciones multicanal, para una gesti\u00f3n integral del cr\u00e9dito.<\/p>\n<p>Todo queda registrado y en cualquier momento se puede solicitar a la APP una visi\u00f3n clara de la relaci\u00f3n contractual.<\/p>\n<\/div><\/div><div class=\"w-separator size_small\"><\/div><\/div><\/div><\/div><\/div><\/div><\/div><\/div><\/section><section class=\"l-section wpb_row height_small\"><div class=\"l-section-h i-cf\"><div class=\"g-cols vc_row via_grid cols_1 laptops-cols_inherit tablets-cols_inherit mobiles-cols_1 valign_top type_default stacking_default\"><div class=\"wpb_column vc_column_container\"><div class=\"vc_column-inner\"><div class=\"wpb_text_column\"><div class=\"wpb_wrapper\"><h2 style=\"text-align: center;\">Servicios que pueden activarse<\/h2>\n<p style=\"text-align: center;\"><strong><b>CREDITSUITE <\/b><sup>\u00ae<\/sup> mobile APP <\/strong>dispone de los siguientes servicios que pueden ser activados:<\/p>\n<\/div><\/div><div class=\"w-separator size_medium\"><\/div><div class=\"g-cols wpb_row via_grid cols_3 laptops-cols_inherit tablets-cols_inherit mobiles-cols_1 valign_middle type_default stacking_default\" style=\"--columns-gap:3rem;\"><div class=\"wpb_column vc_column_container us_custom_7e20fa79 us_animate_this\"><div class=\"vc_column-inner\"><div class=\"w-iconbox iconpos_top style_circle color_primary align_center no_text\"><div class=\"w-iconbox-icon\" style=\"font-size:1rem;\"><i class=\"fal fa-gem\"><\/i><\/div><div class=\"w-iconbox-meta\"><h5 class=\"w-iconbox-title\">Compartir contratos &#8211; Facturas &#8211; Plazos<\/h5><\/div><\/div><div class=\"w-separator size_small\"><\/div><div class=\"w-iconbox iconpos_top style_circle color_primary align_center no_text\"><div class=\"w-iconbox-icon\" style=\"font-size:1rem;\"><i class=\"fal fa-tint\"><\/i><\/div><div class=\"w-iconbox-meta\"><h5 class=\"w-iconbox-title\">Gesti\u00f3n de perfiles (acceso incluso sin registro)<\/h5><\/div><\/div><div class=\"w-separator size_small\"><\/div><div class=\"w-iconbox iconpos_top style_circle color_primary align_center no_text\"><div class=\"w-iconbox-icon\" style=\"font-size:1rem;\"><i class=\"fal fa-gem\"><\/i><\/div><div class=\"w-iconbox-meta\"><h5 class=\"w-iconbox-title\">Comunicaci\u00f3n bidireccional<\/h5><\/div><\/div><div class=\"w-separator size_small\"><\/div><div class=\"w-iconbox iconpos_top style_circle color_primary align_center no_text\"><div class=\"w-iconbox-icon\" style=\"font-size:1rem;\"><i class=\"fal fa-gem\"><\/i><\/div><div class=\"w-iconbox-meta\"><h5 class=\"w-iconbox-title\">Alertas de plazos<\/h5><\/div><\/div><div class=\"w-separator size_small\"><\/div><div class=\"w-iconbox iconpos_top style_circle color_primary align_center no_text\"><div class=\"w-iconbox-icon\" style=\"font-size:1rem;\"><i class=\"fal fa-gem\"><\/i><\/div><div class=\"w-iconbox-meta\"><h5 class=\"w-iconbox-title\">Reclamaciones y lectura QRCode en cartas<\/h5><\/div><\/div><\/div><\/div><div class=\"wpb_column vc_column_container\"><div class=\"vc_column-inner\"><div class=\"w-image us_custom_a518f36e us_animate_this style_phone12 align_center\"><div class=\"w-image-h\"><img decoding=\"async\" width=\"1080\" height=\"1080\" src=\"https:\/\/creditsuite.eu\/wp-content\/uploads\/2023\/09\/Mobile-App-qr-code.png\" class=\"attachment-us_1536_1536 size-us_1536_1536\" alt=\"Mobile App qr code\" loading=\"eager\" \/><\/div><\/div><\/div><\/div><div class=\"wpb_column vc_column_container us_custom_47474b22 us_animate_this\"><div class=\"vc_column-inner\"><div class=\"w-iconbox iconpos_top style_circle color_primary align_center no_text\"><div class=\"w-iconbox-icon\" style=\"font-size:1rem;\"><i class=\"fal fa-gem\"><\/i><\/div><div class=\"w-iconbox-meta\"><h5 class=\"w-iconbox-title\">Gesti\u00f3n de pagos y establecimiento de pagos autom\u00e1ticos<\/h5><\/div><\/div><div class=\"w-separator size_small\"><\/div><div class=\"w-iconbox iconpos_top style_circle color_primary align_center no_text\"><div class=\"w-iconbox-icon\" style=\"font-size:1rem;\"><i class=\"fal fa-gem\"><\/i><\/div><div class=\"w-iconbox-meta\"><h5 class=\"w-iconbox-title\">Estado de cuentas y calendario<\/h5><\/div><\/div><div class=\"w-separator size_small\"><\/div><div class=\"w-iconbox iconpos_top style_circle color_primary align_center no_text\"><div class=\"w-iconbox-icon\" style=\"font-size:1rem;\"><i class=\"fal fa-image\"><\/i><\/div><div class=\"w-iconbox-meta\"><h5 class=\"w-iconbox-title\">Avisos y comunicaciones destacados<\/h5><\/div><\/div><div class=\"w-separator size_small\"><\/div><div class=\"w-iconbox iconpos_top style_circle color_primary align_center no_text\"><div class=\"w-iconbox-icon\" style=\"font-size:1rem;\"><i class=\"fal fa-tint\"><\/i><\/div><div class=\"w-iconbox-meta\"><h5 class=\"w-iconbox-title\">Historial de pagos<\/h5><\/div><\/div><div class=\"w-separator size_small\"><\/div><div class=\"w-iconbox iconpos_top style_circle color_primary align_center no_text\"><div class=\"w-iconbox-icon\" style=\"font-size:1rem;\"><i class=\"fal fa-tint\"><\/i><\/div><div class=\"w-iconbox-meta\"><h5 class=\"w-iconbox-title\">Apoyo y b\u00fasqueda de asistencia en la oficina<\/h5><\/div><\/div><\/div><\/div><\/div><\/div><\/div><\/div><\/div><\/section><section class=\"l-section wpb_row us_custom_315b8835 height_custom\"><div class=\"l-section-overlay\" style=\"background:#f5f5f5\"><\/div><div class=\"l-section-h i-cf\"><div class=\"g-cols vc_row via_grid cols_1-2 laptops-cols_inherit tablets-cols_inherit mobiles-cols_1 valign_middle type_default reversed\" style=\"--columns-gap:5vw;\"><div class=\"wpb_column vc_column_container us_custom_7e20fa79 us_animate_this\"><div class=\"vc_column-inner\"><div class=\"w-image us_custom_0db20381 style_phone12 align_none has_bg_color\"><div class=\"w-image-h\"><img decoding=\"async\" width=\"1024\" height=\"1024\" src=\"https:\/\/creditsuite.eu\/wp-content\/uploads\/2023\/09\/Dashboard-Cs-1024x1024.png\" class=\"attachment-large size-large\" alt=\"Dashboard Mobile app creditsuite\" loading=\"eager\" \/><\/div><\/div><\/div><\/div><div class=\"wpb_column vc_column_container us_custom_47474b22 us_animate_this\"><div class=\"vc_column-inner\"><div class=\"wpb_text_column\"><div class=\"wpb_wrapper\"><h2>Multicanalidad<\/h2>\n<div class=\"av-special-heading av-25zy86-4852f499e87220328b1cbd84649d2c3b av-special-heading-h3 blockquote modern-quote avia-builder-el-25 el_before_av_textblock avia-builder-el-first av-inherit-size\">\n<section class=\"av_textblock_section av-kh50vv1n-1250c8aec54d41d2a828220ddb5c470e \">\n<div class=\"avia_textblock\">\n<p class=\"_04xlpA direction-ltr align-start para-style-body\"><span class=\"JsGRdQ\">Desde las comunicaciones tradicionales (cartas, fax, correo electr\u00f3nico) a las certificadas (RR, PEC, sms), pasando por la mensajer\u00eda instant\u00e1nea y las alertas en APPs.<\/span><\/p>\n<p class=\"_04xlpA direction-ltr align-start para-style-body\"><span class=\"JsGRdQ\">Todo es sencillo con CreditSuite  <\/span><\/p>\n<p class=\"_04xlpA direction-ltr align-start para-style-body\">El omnicanal de <strong><b>CREDITSUITE <\/b><sup>\u00ae<\/sup> <\/strong> da un salto adelante porque no s\u00f3lo sit\u00faa al <strong>cliente en el centro<\/strong>, sino que prev\u00e9 un <strong>sistema interconectado entre todos los puntos de contacto<\/strong>. Existe, por tanto, una transferencia de informaci\u00f3n entre los distintos canales y estrategias de contenidos coherentes, de modo que el usuario no s\u00f3lo puede interactuar con la empresa, sino tambi\u00e9n <strong>tener la misma experiencia en todos los canales de comunicaci\u00f3n<\/strong>.<\/p>\n<\/div>\n<\/section>\n<\/div>\n<\/div><\/div><\/div><\/div><\/div><\/div><\/section><section class=\"l-section wpb_row us_custom_315b8835 height_custom\"><div class=\"l-section-h i-cf\"><div class=\"g-cols vc_row via_grid cols_2-1 laptops-cols_inherit tablets-cols_inherit mobiles-cols_1 valign_middle type_default\" style=\"--columns-gap:5vw;\"><div class=\"wpb_column vc_column_container us_custom_7e20fa79 us_animate_this\"><div class=\"vc_column-inner\"><div class=\"wpb_text_column\"><div class=\"wpb_wrapper\"><h2>Personalizaciones<\/h2>\n<p><strong>La APP m\u00f3vil<\/strong> <b>CREDITSUITE <\/b><sup>\u00ae<\/sup> es personalizable tanto en dise\u00f1o como en funcionalidad.<\/p>\n<p>El servicio est\u00e1 integrado con <b>CREDITSUITE <\/b><sup>\u00ae <\/sup>.  <\/p>\n<p>La <strong>APP m\u00f3vil<\/strong> <b>CREDITSUITE <\/b><sup>\u00ae<\/sup> puede integrarse con los sistemas ya existentes en la empresa.<\/p>\n<\/div><\/div><div class=\"w-separator size_medium\"><\/div><\/div><\/div><div class=\"wpb_column vc_column_container us_custom_47474b22 us_animate_this\"><div class=\"vc_column-inner\"><div class=\"w-image us_custom_0db20381 style_phone12 align_none has_bg_color\"><div class=\"w-image-h\"><img decoding=\"async\" width=\"1024\" height=\"1024\" src=\"https:\/\/creditsuite.eu\/wp-content\/uploads\/2023\/09\/CreditSuite-dashboard-mobile-1024x1024.png\" class=\"attachment-large size-large\" alt=\"CreditSuite dashboard mobile\" loading=\"lazy\" \/><\/div><\/div><\/div><\/div><\/div><\/div><\/section><section class=\"l-section wpb_row height_custom with_shape\"><div class=\"l-section-overlay\" style=\"background:#f5f5f5\"><\/div><div class=\"l-section-shape type_triangle-inv pos_top\" style=\"height:5vmin;\"><svg xmlns=\"http:\/\/www.w3.org\/2000\/svg\" viewBox=\"0 0 64 8\" preserveAspectRatio=\"none\" width=\"100%\" height=\"100%\">\r\n\t<path fill=\"currentColor\" d=\"M64 9 L0 9 L0 7.9 L32 0 L64 7.9 Z\"\/>\r\n<\/svg><\/div><div class=\"l-section-shape type_triangle-inv pos_bottom\" style=\"height:5vmin;\"><svg xmlns=\"http:\/\/www.w3.org\/2000\/svg\" viewBox=\"0 0 64 8\" preserveAspectRatio=\"none\" width=\"100%\" height=\"100%\">\r\n\t<path fill=\"currentColor\" d=\"M64 9 L0 9 L0 7.9 L32 0 L64 7.9 Z\"\/>\r\n<\/svg><\/div><div class=\"l-section-h i-cf\"><div class=\"g-cols vc_row via_grid cols_1 laptops-cols_inherit tablets-cols_inherit mobiles-cols_1 valign_top type_default stacking_default\"><div class=\"wpb_column vc_column_container us_custom_2c45f91b\"><div class=\"vc_column-inner\"><div class=\"w-actionbox us_custom_1933f2ce has_text_color color_light controls_bottom\"><div class=\"w-actionbox-text\"><h2 class=\"w-actionbox-title\">\u00bfQuiere ver la plataforma en funcionamiento? Reserve su demostraci\u00f3n<\/h2><\/div><div class=\"w-actionbox-controls\"><a class=\"w-btn us-btn-style_1 icon_atleft\" href=\"https:\/\/creditsuite.eu\/es\/solicitar-demostracion\/\"><i class=\"fas fa-play\"><\/i><span class=\"w-btn-label\">Demostraci\u00f3n de libro<\/span><\/a><a class=\"w-btn us-btn-style_11\" href=\"https:\/\/creditsuite.eu\/es\/ayuda\/\"><span class=\"w-btn-label\">Solicitar informaci\u00f3n<\/span><\/a><\/div><\/div><\/div><\/div><\/div><\/div><\/section>\n","protected":false},"excerpt":{"rendered":"Aplicaci\u00f3n m\u00f3vil Al servicio del clienteCREDITSUITE \u00ae mobile APP es la APP de la suite dise\u00f1ada para satisfacer las necesidades de compartir informaci\u00f3n con el cliente final. El servicio utiliza las \u00faltimas tecnolog\u00edas en la nube para garantizar la seguridad de los datos y la prestaci\u00f3n de servicios en tiempo real de los pasos de...","protected":false},"author":1,"featured_media":0,"parent":0,"menu_order":0,"comment_status":"closed","ping_status":"closed","template":"","meta":{"two_page_speed":[],"footnotes":""},"class_list":["post-9905","page","type-page","status-publish","hentry"],"_links":{"self":[{"href":"https:\/\/creditsuite.eu\/es\/wp-json\/wp\/v2\/pages\/9905","targetHints":{"allow":["GET"]}}],"collection":[{"href":"https:\/\/creditsuite.eu\/es\/wp-json\/wp\/v2\/pages"}],"about":[{"href":"https:\/\/creditsuite.eu\/es\/wp-json\/wp\/v2\/types\/page"}],"author":[{"embeddable":true,"href":"https:\/\/creditsuite.eu\/es\/wp-json\/wp\/v2\/users\/1"}],"replies":[{"embeddable":true,"href":"https:\/\/creditsuite.eu\/es\/wp-json\/wp\/v2\/comments?post=9905"}],"version-history":[{"count":6,"href":"https:\/\/creditsuite.eu\/es\/wp-json\/wp\/v2\/pages\/9905\/revisions"}],"predecessor-version":[{"id":11701,"href":"https:\/\/creditsuite.eu\/es\/wp-json\/wp\/v2\/pages\/9905\/revisions\/11701"}],"wp:attachment":[{"href":"https:\/\/creditsuite.eu\/es\/wp-json\/wp\/v2\/media?parent=9905"}],"curies":[{"name":"wp","href":"https:\/\/api.w.org\/{rel}","templated":true}]}}